{"id":367,"date":"2019-10-01T09:55:22","date_gmt":"2019-10-01T06:55:22","guid":{"rendered":"http:\/\/ksc.weblikepro.com\/?page_id=367"},"modified":"2023-08-10T14:24:46","modified_gmt":"2023-08-10T11:24:46","slug":"subcontractanti","status":"publish","type":"page","link":"https:\/\/ksc.ro\/en\/subcontractanti\/","title":{"rendered":"Subcontractors"},"content":{"rendered":"<h1>Subcontractors<\/h1>\n<h1>Do you want to work with us? | Get in touch, now!<br \/>\n<\/h1>\n<div>We offer our subcontractors various benefits such as fuel, insurance, tires and spare parts at preferential prices, negotiated directly with direct distributors or manufacturers.\n<\/div>\n<h3>FUEL \u2013 Fuel cards for internal and external collaborators<\/h3>\n<div>We give fuel cards to internal collaborators and UTA (refuel + tolls) for external collaborators:<\/p>\n<\/div>\n<ul>\n<li>\n<div>The cards are received at contract signing<\/div>\n<\/li>\n<li>\n<div>Payment of fuel is deducted from transport fares<\/div>\n<\/li>\n<li>\n<div>Fuel price is pump price without any additions at Gazprom and Rompetrol stations\n<\/div>\n<\/li>\n<li>\n<div>For UTA discounts between 0.02 and 0.085 euro\/liter are received, depending on the country and fuel station\n<\/div>\n<\/li>\n<li>\n<div>UTA conditions for subcontractors are similar to those negotiated for KSC own fleet\n<\/div>\n<\/li>\n<li>\n<div>We can provide fuel and other companies (transportators or other sectors as long as provide financial guarantees or payment in advance\n<\/div>\n<\/li>\n<\/ul>\n<h3>INSURANCE \u2013 CASCO, or CMR<\/h3>\n<div>We facilitate the payment of insurance RCA, CASCO, or RCA for our subcontractors.<\/p>\n<\/div>\n<ul>\n<li>\n<div>We keep track of the expiration date and we inform our collaborators in advance\n<\/div>\n<\/li>\n<li>\n<div>For our subcontractors, payments for insurance can be deducted from transport fares\n<\/div>\n<\/li>\n<\/ul>\n<h3>TIRES and spare parts<\/h3>\n<div>As fleet we have great discounts on both parts and tires. Same prices we offer to our subcontractors, with the possibility to pay back in 3 installments.<\/p>\n<\/div>\n<ul>\n<li>\n<div>We offer the same prices to our collaborators\n<\/div>\n<\/li>\n<li>\n<div>We deduct the money from the transport in 3 rates\n<\/div>\n<\/li>\n<\/ul>\n<h3>A dynamic network of partners, affiliates and own resources ensures availability of KSC services across the continent.<br \/>\n<\/h3>\n<p><!--more--><br \/>\n<!-- {\"name\":\"Terms of Service\",\"type\":\"layout\",\"children\":[{\"name\":\"Hero\",\"type\":\"section\",\"props\":{\"header_transparent\":\"light\",\"header_transparent_noplaceholder\":true,\"image\":\"wp-content\\\/uploads\\\/colaboratori-hero.jpg\",\"image_position\":\"center-center\",\"image_size\":\"cover\",\"media_overlay\":\"rgba(0, 0, 0, 0.48)\",\"padding\":\"xlarge\",\"padding_remove_top\":false,\"style\":\"default\",\"title_breakpoint\":\"xl\",\"title_position\":\"top-left\",\"title_rotation\":\"left\",\"vertical_align\":\"\",\"width\":\"\"},\"children\":[{\"type\":\"row\",\"children\":[{\"type\":\"column\",\"props\":{\"image_position\":\"center-center\",\"position_sticky_breakpoint\":\"m\",\"width_medium\":\"1-1\"}}]}]},{\"name\":\"Terms\",\"type\":\"section\",\"props\":{\"image_position\":\"center-center\",\"style\":\"default\",\"title_breakpoint\":\"xl\",\"title_position\":\"top-left\",\"title_rotation\":\"left\",\"vertical_align\":\"\",\"width\":\"small\"},\"children\":[{\"type\":\"row\",\"children\":[{\"type\":\"column\",\"props\":{\"image_position\":\"center-center\",\"position_sticky_breakpoint\":\"m\",\"width_medium\":\"1-1\"},\"children\":[{\"type\":\"headline\",\"props\":{\"content\":\"Subcontractan\\u021bi\",\"margin_remove_bottom\":false,\"margin_remove_top\":true,\"title_element\":\"h1\",\"title_font_family\":\"tertiary\",\"title_style\":\"heading-medium\"}},{\"type\":\"headline\",\"props\":{\"content\":\"Vrei s\\u0103 lucrezi cu noi? | Contacteaz\\u0103-ne acum!\\n\",\"margin_remove_top\":true,\"title_element\":\"h1\"}}]}]},{\"type\":\"row\",\"props\":{\"margin\":\"default\",\"margin_remove_top\":false},\"children\":[{\"type\":\"column\",\"props\":{\"image_position\":\"center-center\",\"position_sticky_breakpoint\":\"m\",\"width_medium\":\"1-1\"},\"children\":[{\"type\":\"text\",\"props\":{\"column_breakpoint\":\"m\",\"content\":\"Oferim subcontractan\\u0163ilor no\\u015ftri diverse beneficii cum ar fi carburant, asigur\\u0103ri, anvelope \\u0219i piese de schimb la pre\\u0163uri preferen\\u0163iale, negociate direct cu distribuitorii direc\\u0163i sau cu producatorii.\\n\",\"margin\":\"default\"}},{\"name\":\"CARBURANT\",\"type\":\"headline\",\"props\":{\"content\":\"CARBURANT - Carduri de carburant colaboratorilor interni \\u015fi externi\",\"title_element\":\"h3\"}},{\"type\":\"text\",\"props\":{\"column_breakpoint\":\"m\",\"content\":\"Asigur\\u0103m carduri de carburant pentru colaboratorii interni si UTA (alimentari + taxe de drum) pentru colaboratorii de extern\\n\\n\",\"margin\":\"default\"}},{\"type\":\"list\",\"props\":{\"block_align\":\"right\",\"column_breakpoint\":\"m\",\"icon\":\"check\",\"image_align\":\"left\",\"image_svg_color\":\"emphasis\",\"image_vertical_align\":true,\"list_element\":\"ul\",\"list_horizontal_separator\":\", \",\"list_type\":\"vertical\",\"margin\":\"medium\",\"show_image\":true,\"show_link\":true},\"children\":[{\"type\":\"list_item\",\"props\":{\"content\":\"Cardurile se primesc in momentul semnarii contractului\"}},{\"type\":\"list_item\",\"props\":{\"content\":\"Plata carburantului se face prin compensare din tarifele de transport\"}},{\"type\":\"list_item\",\"props\":{\"content\":\"Pretul carburantului e pret de pompa fara alte adaosuri\\n\"}},{\"type\":\"list_item\",\"props\":{\"content\":\"La UTA se primesc discounturi intre 0,02 si 0,085 euro \\\/ litru in functie de \\u0163ara \\u015fi statia unde se face alimentarea\\n\"}},{\"type\":\"list_item\",\"props\":{\"content\":\"Conditiile UTA pentru colaboratori sunt similare cu cele negociate pentru flota proprie KSC (ii tratam ca si pe flota proprie)\\n\"}},{\"type\":\"list_item\",\"props\":{\"content\":\"Putem oferi carburant si altor firme (de transport sau alt profil, care nu colaboreaza cu noi, atat timp cat ne ofera garantii financiare sau fac plata in avans\\n\"}}]}]}]},{\"type\":\"row\",\"props\":{\"margin\":\"large\"},\"children\":[{\"type\":\"column\",\"props\":{\"image_position\":\"center-center\",\"position_sticky_breakpoint\":\"m\",\"width_medium\":\"1-1\"},\"children\":[{\"name\":\"ASIGUR\\u0102RI - CASCO\",\"type\":\"headline\",\"props\":{\"content\":\"ASIGUR\\u0102RI - CASCO, sau CMR\",\"title_element\":\"h3\"}},{\"type\":\"text\",\"props\":{\"column_breakpoint\":\"m\",\"content\":\"Colaboratorilor le facilitam emiterea politelor CASCO, sau CMR, la cerere, plata acestora se poate face inclusiv din tarifele de transport.\\n\\n\",\"margin\":\"default\"}},{\"type\":\"list\",\"props\":{\"block_align\":\"right\",\"column_breakpoint\":\"m\",\"icon\":\"check\",\"image_align\":\"left\",\"image_svg_color\":\"emphasis\",\"image_vertical_align\":true,\"list_element\":\"ul\",\"list_horizontal_separator\":\", \",\"list_type\":\"vertical\",\"margin\":\"medium\",\"show_image\":true,\"show_link\":true},\"children\":[{\"type\":\"list_item\",\"props\":{\"content\":\"Urmarim permanent data expirarii si informam din timp colaboratorii\\n\"}},{\"type\":\"list_item\",\"props\":{\"content\":\"Plata acestora se poate face inclusiv din tarifele de transport\\n\"}}]}]}]},{\"type\":\"row\",\"props\":{\"margin\":\"large\"},\"children\":[{\"type\":\"column\",\"props\":{\"image_position\":\"center-center\",\"position_sticky_breakpoint\":\"m\",\"width_medium\":\"1-1\"},\"children\":[{\"name\":\"ANVELOPE\",\"type\":\"headline\",\"props\":{\"content\":\"ANVELOPE \\u0219i piese de schimb\",\"title_element\":\"h3\"}},{\"type\":\"text\",\"props\":{\"column_breakpoint\":\"m\",\"content\":\"Ca si flota avem oferte cu discounturi mari atat la piese cat si la anvelope. Aceleasi preturi le oferim si colaboratorilor, suplimentar le retinem banii din tarifele de transport in 3 rate in 30 de zile.\\n\\n\",\"margin\":\"default\"}},{\"type\":\"list\",\"props\":{\"block_align\":\"right\",\"column_breakpoint\":\"m\",\"icon\":\"check\",\"image_align\":\"left\",\"image_svg_color\":\"emphasis\",\"image_vertical_align\":true,\"list_element\":\"ul\",\"list_horizontal_separator\":\", \",\"list_type\":\"vertical\",\"margin\":\"medium\",\"show_image\":true,\"show_link\":true},\"children\":[{\"type\":\"list_item\",\"props\":{\"content\":\"Aceleasi preturi le oferim si colaboratorilor\\n\"}},{\"type\":\"list_item\",\"props\":{\"content\":\"Retinem banii din tarifele de transport in 3 rate\\n\"}}]}]}]},{\"type\":\"row\",\"props\":{\"margin\":\"large\"},\"children\":[{\"type\":\"column\",\"props\":{\"image_position\":\"center-center\",\"position_sticky_breakpoint\":\"m\",\"width_medium\":\"1-1\"},\"children\":[{\"type\":\"headline\",\"props\":{\"content\":\"O re\\u021bea dinamic\\u0103 de parteneri, afilia\\u021bi, \\u0219i resurse proprii asigur\\u0103 disponibilitatea serviciilor KSC pe \\u00eentregul continent.\\n\",\"title_element\":\"h3\",\"title_style\":\"h3\"}}]}]}]}],\"version\":\"4.0.9\"} --><\/p>","protected":false},"excerpt":{"rendered":"<p>Subcontractan\u021bi Vrei s\u0103 lucrezi cu noi? | Contacteaz\u0103-ne acum! Oferim subcontractan\u0163ilor no\u015ftri diverse beneficii cum ar fi carburant, asigur\u0103ri, anvelope \u0219i piese de schimb la pre\u0163uri preferen\u0163iale, negociate direct cu distribuitorii direc\u0163i sau cu producatorii. CARBURANT &#8211; Carduri de carburant colaboratorilor interni \u015fi externi Asigur\u0103m carduri de carburant pentru colaboratorii interni si UTA (alimentari + [&hellip;]<\/p>","protected":false},"author":1,"featured_media":0,"parent":0,"menu_order":0,"comment_status":"closed","ping_status":"closed","template":"","meta":{"footnotes":""},"class_list":["post-367","page","type-page","status-publish","hentry"],"yoast_head":"<!-- This site is optimized with the Yoast SEO plugin v26.1.1 - https:\/\/yoast.com\/wordpress\/plugins\/seo\/ -->\n<title>Subcontractan\u0163i - KSC<\/title>\n<meta name=\"robots\" content=\"index, follow, max-snippet:-1, max-image-preview:large, max-video-preview:-1\" \/>\n<link rel=\"canonical\" href=\"https:\/\/ksc.ro\/en\/subcontractanti\/\" \/>\n<meta property=\"og:locale\" content=\"en_GB\" \/>\n<meta property=\"og:type\" content=\"article\" \/>\n<meta property=\"og:title\" content=\"Subcontractan\u0163i - KSC\" \/>\n<meta property=\"og:description\" content=\"Subcontractan\u021bi Vrei s\u0103 lucrezi cu noi? | Contacteaz\u0103-ne acum! Oferim subcontractan\u0163ilor no\u015ftri diverse beneficii cum ar fi carburant, asigur\u0103ri, anvelope \u0219i piese de schimb la pre\u0163uri preferen\u0163iale, negociate direct cu distribuitorii direc\u0163i sau cu producatorii. CARBURANT &#8211; Carduri de carburant colaboratorilor interni \u015fi externi Asigur\u0103m carduri de carburant pentru colaboratorii interni si UTA (alimentari + [&hellip;]\" \/>\n<meta property=\"og:url\" content=\"https:\/\/ksc.ro\/en\/subcontractanti\/\" \/>\n<meta property=\"og:site_name\" content=\"KSC\" \/>\n<meta property=\"article:publisher\" content=\"https:\/\/www.facebook.com\/KscTransport\/\" \/>\n<meta property=\"article:modified_time\" content=\"2023-08-10T11:24:46+00:00\" \/>\n<meta name=\"twitter:card\" content=\"summary_large_image\" \/>\n<meta name=\"twitter:label1\" content=\"Estimated reading time\" \/>\n\t<meta name=\"twitter:data1\" content=\"1 minute\" \/>\n<script type=\"application\/ld+json\" class=\"yoast-schema-graph\">{\"@context\":\"https:\/\/schema.org\",\"@graph\":[{\"@type\":\"WebPage\",\"@id\":\"https:\/\/ksc.ro\/subcontractanti\/\",\"url\":\"https:\/\/ksc.ro\/subcontractanti\/\",\"name\":\"Subcontractan\u0163i - KSC\",\"isPartOf\":{\"@id\":\"https:\/\/ksc.ro\/#website\"},\"datePublished\":\"2019-10-01T06:55:22+00:00\",\"dateModified\":\"2023-08-10T11:24:46+00:00\",\"breadcrumb\":{\"@id\":\"https:\/\/ksc.ro\/subcontractanti\/#breadcrumb\"},\"inLanguage\":\"en-GB\",\"potentialAction\":[{\"@type\":\"ReadAction\",\"target\":[\"https:\/\/ksc.ro\/subcontractanti\/\"]}]},{\"@type\":\"BreadcrumbList\",\"@id\":\"https:\/\/ksc.ro\/subcontractanti\/#breadcrumb\",\"itemListElement\":[{\"@type\":\"ListItem\",\"position\":1,\"name\":\"Home\",\"item\":\"https:\/\/ksc.ro\/\"},{\"@type\":\"ListItem\",\"position\":2,\"name\":\"Subcontractan\u0163i\"}]},{\"@type\":\"WebSite\",\"@id\":\"https:\/\/ksc.ro\/#website\",\"url\":\"https:\/\/ksc.ro\/\",\"name\":\"KSC Transport\",\"description\":\"in europe with KSC\",\"publisher\":{\"@id\":\"https:\/\/ksc.ro\/#organization\"},\"potentialAction\":[{\"@type\":\"SearchAction\",\"target\":{\"@type\":\"EntryPoint\",\"urlTemplate\":\"https:\/\/ksc.ro\/?s={search_term_string}\"},\"query-input\":{\"@type\":\"PropertyValueSpecification\",\"valueRequired\":true,\"valueName\":\"search_term_string\"}}],\"inLanguage\":\"en-GB\"},{\"@type\":\"Organization\",\"@id\":\"https:\/\/ksc.ro\/#organization\",\"name\":\"KSC Transport\",\"url\":\"https:\/\/ksc.ro\/\",\"logo\":{\"@type\":\"ImageObject\",\"inLanguage\":\"en-GB\",\"@id\":\"https:\/\/ksc.ro\/#\/schema\/logo\/image\/\",\"url\":\"https:\/\/ksc.ro\/wp-content\/uploads\/logo-ksc.svg\",\"contentUrl\":\"https:\/\/ksc.ro\/wp-content\/uploads\/logo-ksc.svg\",\"width\":425,\"height\":67,\"caption\":\"KSC Transport\"},\"image\":{\"@id\":\"https:\/\/ksc.ro\/#\/schema\/logo\/image\/\"},\"sameAs\":[\"https:\/\/www.facebook.com\/KscTransport\/\",\"https:\/\/www.linkedin.com\/company\/ksc-transport\/about\/\"]}]}<\/script>\n<!-- \/ Yoast SEO plugin. -->","yoast_head_json":{"title":"Subcontractan\u0163i - KSC","robots":{"index":"index","follow":"follow","max-snippet":"max-snippet:-1","max-image-preview":"max-image-preview:large","max-video-preview":"max-video-preview:-1"},"canonical":"https:\/\/ksc.ro\/en\/subcontractanti\/","og_locale":"en_GB","og_type":"article","og_title":"Subcontractan\u0163i - KSC","og_description":"Subcontractan\u021bi Vrei s\u0103 lucrezi cu noi? | Contacteaz\u0103-ne acum! Oferim subcontractan\u0163ilor no\u015ftri diverse beneficii cum ar fi carburant, asigur\u0103ri, anvelope \u0219i piese de schimb la pre\u0163uri preferen\u0163iale, negociate direct cu distribuitorii direc\u0163i sau cu producatorii. CARBURANT &#8211; Carduri de carburant colaboratorilor interni \u015fi externi Asigur\u0103m carduri de carburant pentru colaboratorii interni si UTA (alimentari + [&hellip;]","og_url":"https:\/\/ksc.ro\/en\/subcontractanti\/","og_site_name":"KSC","article_publisher":"https:\/\/www.facebook.com\/KscTransport\/","article_modified_time":"2023-08-10T11:24:46+00:00","twitter_card":"summary_large_image","twitter_misc":{"Estimated reading time":"1 minute"},"schema":{"@context":"https:\/\/schema.org","@graph":[{"@type":"WebPage","@id":"https:\/\/ksc.ro\/subcontractanti\/","url":"https:\/\/ksc.ro\/subcontractanti\/","name":"Subcontractan\u0163i - KSC","isPartOf":{"@id":"https:\/\/ksc.ro\/#website"},"datePublished":"2019-10-01T06:55:22+00:00","dateModified":"2023-08-10T11:24:46+00:00","breadcrumb":{"@id":"https:\/\/ksc.ro\/subcontractanti\/#breadcrumb"},"inLanguage":"en-GB","potentialAction":[{"@type":"ReadAction","target":["https:\/\/ksc.ro\/subcontractanti\/"]}]},{"@type":"BreadcrumbList","@id":"https:\/\/ksc.ro\/subcontractanti\/#breadcrumb","itemListElement":[{"@type":"ListItem","position":1,"name":"Home","item":"https:\/\/ksc.ro\/"},{"@type":"ListItem","position":2,"name":"Subcontractan\u0163i"}]},{"@type":"WebSite","@id":"https:\/\/ksc.ro\/#website","url":"https:\/\/ksc.ro\/","name":"KSC Transport","description":"in europe with KSC","publisher":{"@id":"https:\/\/ksc.ro\/#organization"},"potentialAction":[{"@type":"SearchAction","target":{"@type":"EntryPoint","urlTemplate":"https:\/\/ksc.ro\/?s={search_term_string}"},"query-input":{"@type":"PropertyValueSpecification","valueRequired":true,"valueName":"search_term_string"}}],"inLanguage":"en-GB"},{"@type":"Organization","@id":"https:\/\/ksc.ro\/#organization","name":"KSC Transport","url":"https:\/\/ksc.ro\/","logo":{"@type":"ImageObject","inLanguage":"en-GB","@id":"https:\/\/ksc.ro\/#\/schema\/logo\/image\/","url":"https:\/\/ksc.ro\/wp-content\/uploads\/logo-ksc.svg","contentUrl":"https:\/\/ksc.ro\/wp-content\/uploads\/logo-ksc.svg","width":425,"height":67,"caption":"KSC Transport"},"image":{"@id":"https:\/\/ksc.ro\/#\/schema\/logo\/image\/"},"sameAs":["https:\/\/www.facebook.com\/KscTransport\/","https:\/\/www.linkedin.com\/company\/ksc-transport\/about\/"]}]}},"jetpack_sharing_enabled":true,"_links":{"self":[{"href":"https:\/\/ksc.ro\/en\/wp-json\/wp\/v2\/pages\/367","targetHints":{"allow":["GET"]}}],"collection":[{"href":"https:\/\/ksc.ro\/en\/wp-json\/wp\/v2\/pages"}],"about":[{"href":"https:\/\/ksc.ro\/en\/wp-json\/wp\/v2\/types\/page"}],"author":[{"embeddable":true,"href":"https:\/\/ksc.ro\/en\/wp-json\/wp\/v2\/users\/1"}],"replies":[{"embeddable":true,"href":"https:\/\/ksc.ro\/en\/wp-json\/wp\/v2\/comments?post=367"}],"version-history":[{"count":4,"href":"https:\/\/ksc.ro\/en\/wp-json\/wp\/v2\/pages\/367\/revisions"}],"predecessor-version":[{"id":1037,"href":"https:\/\/ksc.ro\/en\/wp-json\/wp\/v2\/pages\/367\/revisions\/1037"}],"wp:attachment":[{"href":"https:\/\/ksc.ro\/en\/wp-json\/wp\/v2\/media?parent=367"}],"curies":[{"name":"wp","href":"https:\/\/api.w.org\/{rel}","templated":true}]}}