{"id":365,"date":"2019-10-01T09:54:53","date_gmt":"2019-10-01T06:54:53","guid":{"rendered":"http:\/\/ksc.weblikepro.com\/?page_id=365"},"modified":"2020-01-23T13:15:37","modified_gmt":"2020-01-23T10:15:37","slug":"clienti","status":"publish","type":"page","link":"https:\/\/ksc.ro\/en\/clienti\/","title":{"rendered":"Clients"},"content":{"rendered":"<div>\n<h3>Our clients opinions<\/h3>\n<div>Our partners are important customers who rely on a strategy - with a direct focus on collaboration with transport companies - that offer quality services.\n<\/div>\n<p><a href=\"#\"><\/a><\/p>\n<\/div>\n<table>\n<tbody>\n<tr>\n<td>\n        <img decoding=\"async\" src=\"wp-content\/uploads\/intersting.png\" alt=\"\">\n    <\/td>\n<td>interSting<\/td>\n<td><i>\"In a dynamic business like transportation, KSC stands out through its services and respect for customers. KSC meets our needs, quickly communicates accurate data and keeps its word. This is how a business relationship is built...\"<\/i><br \/>\n<small><span uk-icon=\"icon: user; ratio: 0.8\"><\/span><br \/>\n   Adrian Padurean CEO &#8211; Intersting<\/small>\n<\/td>\n<td>\n        <a href=\"https:\/\/www.intersting.ro\/\">www.intersting.ro<\/a>\n    <\/td>\n<\/tr>\n<tr>\n<td>\n        <img decoding=\"async\" src=\"wp-content\/uploads\/aquatools.jpg\" alt=\"\">\n    <\/td>\n<td>AquaTools<\/td>\n<td><i>\"Customers are very important to us, and the people at KSC have accustomed us to high standards. We ask them for quick data and they always have a prompt response. If we send him an e-mail, within an hour we get the answer. Now we can communicate directly on their website via live chat or social media. They exceeded our expectations...\"<br \/>\n<\/i><br \/>\n<small><span uk-icon=\"icon: user; ratio: 0.8\"><\/span><br \/>\n   Nicolae Mocsar CEO &#8211; Aquatool Romania<\/small><\/td>\n<td>\n        <a href=\"https:\/\/www.aquatools.ro\/\">www.aquatools.ro<\/a>\n    <\/td>\n<\/tr>\n<tr>\n<td>\n        <img decoding=\"async\" src=\"wp-content\/uploads\/reropam-logo-1555585052.png\" alt=\"\">\n    <\/td>\n<td>Reropam<\/td>\n<td><i>\"I can always count on KSC to handle our emergency shipments. I recommend this company that offers prompt and quality services...\"<br \/>\n<\/i><br \/>\n<small><span uk-icon=\"icon: user; ratio: 0.8\"><\/span><br \/>\n Claudia Dan Managing Director &#8211; REROPAM<\/small><\/p>\n<\/td>\n<td>\n        <a href=\"https:\/\/reropam.ro\/\">www.reropam.ro<\/a>\n    <\/td>\n<\/tr>\n<\/tbody>\n<\/table>\n<ul>\n<li>\n<p>        <img decoding=\"async\" src=\"wp-content\/uploads\/pepsi-logo.svg\" alt=\"\"><\/p>\n<\/li>\n<li>\n<p>        <img decoding=\"async\" src=\"wp-content\/uploads\/coca-cola-logo.svg\" alt=\"\"><\/p>\n<\/li>\n<li>\n<p>        <img decoding=\"async\" src=\"wp-content\/uploads\/ariston-logo.svg\" alt=\"\"><\/p>\n<\/li>\n<li>\n<p>        <img decoding=\"async\" src=\"wp-content\/uploads\/arcelor-logo-3.svg\" alt=\"\"><\/p>\n<p><a href=\"https:\/\/corporate.arcelormittal.com\/\">Read more<\/a><\/p>\n<\/li>\n<\/ul>\n<hr>\n<ul>\n<li>\n<p>        <img decoding=\"async\" src=\"wp-content\/uploads\/bergenbier-logo.svg\" alt=\"\"><\/p>\n<\/li>\n<li>\n<p>        <img decoding=\"async\" src=\"wp-content\/uploads\/heineken-logo-01.svg\" alt=\"\"><\/p>\n<\/li>\n<\/ul>\n<h3>Dozen of clients and just as much successful projects!<br \/>\n<\/h3>\n<p><!-- {\"name\":\"Menu\",\"type\":\"layout\",\"children\":[{\"name\":\"Hero\",\"type\":\"section\",\"props\":{\"style\":\"default\",\"width\":\"expand\",\"vertical_align\":\"middle\",\"title_position\":\"top-left\",\"title_rotation\":\"left\",\"title_breakpoint\":\"xl\",\"image_position\":\"center-center\",\"height\":\"\",\"padding\":\"\",\"image\":\"wp-content\\\/uploads\\\/photo-1517245386807-bb43f82c33c4-scaled.jpg\",\"title\":\"\",\"image_effect\":\"parallax\",\"image_parallax_bgy_start\":\"0\",\"image_parallax_bgy_end\":110,\"image_size\":\"cover\",\"animation\":\"fade\",\"animation_delay\":true,\"image_parallax_breakpoint\":\"l\",\"image_width\":\"1560\",\"text_color\":\"\",\"width_expand\":\"\",\"header_transparent\":\"light\",\"image_visibility\":\"\",\"video_width\":\"\",\"video_height\":\"\",\"media_blend_mode\":\"\",\"media_overlay\":\"rgba(0, 0, 0, 0.4)\"},\"children\":[{\"name\":\"\",\"type\":\"row\",\"props\":{\"fixed_width\":\"large\",\"breakpoint\":\"m\",\"layout\":\"1-1\",\"width\":\"\",\"margin\":\"large\",\"match\":false,\"column_gap\":\"small\",\"row_gap\":\"small\"},\"children\":[{\"name\":\"\",\"type\":\"column\",\"props\":{\"image_position\":\"center-center\",\"image\":\"\",\"media_overlay_gradient\":\"\"},\"children\":[]}]}]},{\"name\":\"About us\",\"type\":\"section\",\"props\":{\"width\":\"default\",\"padding\":\"large\",\"style\":\"default\",\"header_overlay\":\"\",\"animation\":\"\",\"padding_remove_top\":false,\"image_size\":\"cover\",\"image_position\":\"center-center\",\"vertical_align\":\"middle\",\"title_position\":\"top-left\",\"title_rotation\":\"left\",\"title_breakpoint\":\"xl\",\"height\":\"\",\"padding_remove_bottom\":false,\"animation_delay\":false,\"id\":\"\",\"image_effect\":\"\",\"text_color\":\"\",\"width_expand\":\"\",\"header_transparent\":\"\"},\"children\":[{\"name\":\"\",\"type\":\"row\",\"props\":{\"fixed_width\":\"large\",\"breakpoint\":\"l\",\"layout\":\"1-3,2-3\"},\"children\":[{\"name\":\"\",\"type\":\"column\",\"props\":{\"image_position\":\"center-center\",\"media_overlay_gradient\":\"\"},\"children\":[{\"name\":\"\",\"type\":\"panel\",\"props\":{\"link_text\":\"\",\"title_element\":\"h3\",\"meta_style\":\"meta\",\"meta_align\":\"below-title\",\"icon_ratio\":4,\"image_align\":\"top\",\"image_grid_width\":\"1-2\",\"link_style\":\"\",\"margin\":\"default\",\"title\":\"P\\u0103rerile clientilor nostri\",\"content\":\"Partenerii no\\u0219tri sunt clien\\u021bi importan\\u021bi care mizeaz\\u0103 pe o strategie - cu accent direct pe colaborarea cu firme de transport - ce ofer\\u0103 servicii de calitate.\\n\",\"link\":\"#\",\"title_decoration\":\"bullet\",\"image_svg_color\":\"emphasis\",\"title_align\":\"top\",\"title_grid_width\":\"1-2\",\"title_hover_style\":\"reset\",\"title_grid_breakpoint\":\"m\",\"image_grid_breakpoint\":\"m\",\"panel_style\":\"\",\"panel_content_padding\":\"\",\"panel_size\":\"\",\"title_style\":\"\",\"title_font_family\":\"\",\"title_color\":\"\",\"title_grid_column_gap\":\"\",\"title_grid_row_gap\":\"\",\"title_margin\":\"\",\"meta_color\":\"\",\"meta_margin\":\"\",\"content_style\":\"\",\"content_margin\":\"\",\"image_transition\":\"\",\"image_border\":\"\",\"image_box_shadow\":\"\",\"image_hover_box_shadow\":\"\",\"image_box_decoration\":\"\",\"icon_color\":\"\",\"image_grid_column_gap\":\"\",\"image_grid_row_gap\":\"\",\"image_margin\":\"\",\"link_type\":\"\",\"link_size\":\"\",\"link_margin\":\"\",\"position\":\"\",\"position_z_index\":\"\",\"maxwidth\":\"\",\"maxwidth_breakpoint\":\"\",\"block_align\":\"\",\"block_align_breakpoint\":\"\",\"block_align_fallback\":\"\",\"text_align\":\"\",\"text_align_breakpoint\":\"\",\"text_align_fallback\":\"\",\"animation\":\"\",\"visibility\":\"\"}}]},{\"name\":\"\",\"type\":\"column\",\"props\":{\"image_position\":\"center-center\",\"media_overlay_gradient\":\"\"},\"children\":[{\"name\":\"\",\"type\":\"table\",\"props\":{\"show_title\":false,\"show_meta\":true,\"show_content\":true,\"show_image\":true,\"show_link\":true,\"table_order\":\"3\",\"table_responsive\":\"responsive\",\"table_width_title\":\"shrink\",\"table_width_meta\":\"medium\",\"meta_style\":\"meta\",\"link_text\":\"Read more\",\"link_style\":\"text\",\"table_style\":\"divider\",\"table_width_content\":\"medium\",\"table_hover\":false,\"table_justify\":true,\"table_size\":\"\",\"table_vertical_align\":false,\"table_last_align\":\"right\",\"title_style\":\"\",\"content_style\":\"\",\"text_align\":\"left\",\"maxwidth\":\"\",\"margin\":\"medium\",\"margin_remove_top\":false,\"margin_remove_bottom\":false,\"image_svg_color\":\"emphasis\",\"title_font_family\":\"\",\"title_color\":\"\",\"meta_color\":\"\",\"image_border\":\"\",\"image_box_shadow\":\"\",\"link_size\":\"small\",\"position\":\"\",\"position_z_index\":\"\",\"maxwidth_breakpoint\":\"\",\"block_align\":\"\",\"block_align_breakpoint\":\"\",\"block_align_fallback\":\"\",\"text_align_breakpoint\":\"\",\"text_align_fallback\":\"\",\"animation\":\"\",\"visibility\":\"\",\"image_width\":\"200\",\"link_target\":true},\"children\":[{\"name\":\"\",\"type\":\"table_item\",\"props\":{\"title\":\"interSting\",\"content\":\"<i>\\\"\\u00centr-o afacere dinamic\\u0103 precum transporturile, KSC iese \\u00een eviden\\u0163\\u0103 prin serviciile sale \\u015fi prin respectul fa\\u0163\\u0103 de clien\\u0163i. KSC vine \\u00een \\u00eent\\u00e2mpinarea nevoilor noastre, ne comunic\\u0103 \\u00eentr-un mod rapid date precise \\u015fi \\u00ee\\u015fi respect\\u0103 cuv\\u00e2ntul. A\\u015fa se construie\\u015fte o rela\\u0163ie de afaceri...\\\"<\\\/i><br \/>\\n<small><span uk-icon=\\\"icon: user; ratio: 0.8\\\"><\\\/span>\\n   Adrian Padurean CEO - Intersting<\\\/small>\\n\",\"link\":\"https:\\\/\\\/www.intersting.ro\\\/\",\"meta\":\"\",\"image\":\"wp-content\\\/uploads\\\/intersting.png\",\"link_text\":\"www.intersting.ro\"}},{\"name\":\"\",\"type\":\"table_item\",\"props\":{\"title\":\"AquaTools\",\"content\":\"<i>\\\"Clien\\u0163ii sunt foarte importan\\u0163i pentru noi, iar oamenii de la KSC ne-au obi\\u015fnuit cu standarde ridicate. Le solicit\\u0103m date rapide, iar ei au \\u00eentotdeauna un r\\u0103spuns prompt. Dac\\u0103 Ie trimitem un e-mail, \\u00eentr-o or\\u0103 primim r\\u0103spunsul. Acum putem comunica direct pe site-ul lor prin live chat sau prin social media. Ne-au dep\\u0103\\u015fit a\\u015ftept\\u0103rile...\\\"\\n<\\\/i><br \/>\\n<small><span uk-icon=\\\"icon: user; ratio: 0.8\\\"><\\\/span>\\n   Nicolae Mocsar CEO - Aquatool Romania<\\\/small>\",\"link\":\"https:\\\/\\\/www.aquatools.ro\\\/\",\"meta\":\"\",\"image\":\"wp-content\\\/uploads\\\/aquatools.jpg\",\"link_text\":\"www.aquatools.ro\"}},{\"name\":\"\",\"type\":\"table_item\",\"props\":{\"title\":\"Reropam\",\"content\":\"<i>\\\"Pot conta \\u00eentotdeauna pe KSC s\\u0103 se ocupe de transporturile noastre \\u00een regim de urgen\\u0163\\u0103. Recomand aceast\\u0103 companie care ofer\\u0103 servicii prompte \\u015fi de calitate...\\\"\\n<\\\/i><br \/>\\n<small><span uk-icon=\\\"icon: user; ratio: 0.8\\\"><\\\/span>\\n Claudia Dan Managing Director - REROPAM<\\\/small>\\n\\n\",\"link\":\"https:\\\/\\\/reropam.ro\\\/\",\"meta\":\"\",\"image\":\"wp-content\\\/uploads\\\/reropam-logo-1555585052.png\",\"link_text\":\"www.reropam.ro\"}}]}]}]}]},{\"type\":\"section\",\"props\":{\"style\":\"default\",\"width\":\"default\",\"vertical_align\":\"middle\",\"title_position\":\"top-left\",\"title_rotation\":\"left\",\"title_breakpoint\":\"xl\",\"image_position\":\"center-center\",\"text_color\":\"\",\"width_expand\":\"\",\"height\":\"\",\"padding\":\"\",\"header_transparent\":\"\",\"animation\":\"\"},\"children\":[{\"type\":\"row\",\"props\":{\"layout\":\"1-1\",\"breakpoint\":\"m\",\"fixed_width\":\"large\",\"column_gap\":\"\",\"row_gap\":\"\",\"width\":\"\",\"width_expand\":\"\",\"height\":\"\",\"margin\":\"\"},\"children\":[{\"type\":\"column\",\"props\":{\"image_position\":\"center-center\",\"media_overlay_gradient\":\"\",\"vertical_align\":\"\",\"style\":\"\",\"text_color\":\"\",\"padding\":\"\"},\"children\":[{\"type\":\"grid\",\"props\":{\"show_title\":false,\"show_meta\":false,\"show_content\":false,\"show_image\":true,\"show_link\":false,\"grid_default\":\"1\",\"grid_medium\":\"4\",\"filter_style\":\"tab\",\"filter_all\":true,\"filter_position\":\"top\",\"filter_align\":\"left\",\"filter_grid_width\":\"auto\",\"filter_grid_breakpoint\":\"m\",\"title_hover_style\":\"reset\",\"title_element\":\"h3\",\"title_align\":\"top\",\"title_grid_width\":\"1-2\",\"title_grid_breakpoint\":\"m\",\"meta_style\":\"meta\",\"meta_align\":\"below-title\",\"icon_ratio\":4,\"image_align\":\"top\",\"image_grid_width\":\"1-2\",\"image_grid_breakpoint\":\"m\",\"image_svg_color\":\"emphasis\",\"link_text\":\"Read more\",\"link_style\":\"default\",\"margin\":\"default\",\"item_animation\":\"slide-bottom-small\",\"grid_column_gap\":\"\",\"grid_row_gap\":\"\",\"grid_small\":\"\",\"grid_large\":\"\",\"grid_xlarge\":\"\",\"filter_margin\":\"\",\"filter_grid_column_gap\":\"\",\"filter_grid_row_gap\":\"\",\"title_display\":\"\",\"content_display\":\"\",\"panel_style\":\"\",\"panel_content_padding\":\"\",\"panel_size\":\"\",\"item_maxwidth\":\"\",\"title_style\":\"\",\"title_decoration\":\"\",\"title_font_family\":\"\",\"title_color\":\"\",\"title_grid_column_gap\":\"\",\"title_grid_row_gap\":\"\",\"title_margin\":\"\",\"meta_color\":\"\",\"meta_margin\":\"\",\"content_style\":\"\",\"content_margin\":\"\",\"image_transition\":\"\",\"image_border\":\"\",\"image_box_shadow\":\"\",\"image_hover_box_shadow\":\"\",\"image_box_decoration\":\"\",\"icon_color\":\"\",\"image_grid_column_gap\":\"\",\"image_grid_row_gap\":\"\",\"image_margin\":\"\",\"link_type\":\"\",\"link_size\":\"\",\"link_margin\":\"\",\"position\":\"\",\"position_z_index\":\"\",\"maxwidth\":\"\",\"maxwidth_breakpoint\":\"\",\"block_align\":\"\",\"block_align_breakpoint\":\"\",\"block_align_fallback\":\"\",\"text_align\":\"\",\"text_align_breakpoint\":\"\",\"text_align_fallback\":\"\",\"visibility\":\"\",\"grid_divider\":true,\"margin_remove_bottom\":true},\"children\":[{\"type\":\"grid_item\",\"props\":{\"image\":\"wp-content\\\/uploads\\\/pepsi-logo.svg\"}},{\"type\":\"grid_item\",\"props\":{\"image\":\"wp-content\\\/uploads\\\/coca-cola-logo.svg\"}},{\"type\":\"grid_item\",\"props\":{\"image\":\"wp-content\\\/uploads\\\/ariston-logo.svg\"}},{\"type\":\"grid_item\",\"props\":{\"image\":\"wp-content\\\/uploads\\\/arcelor-logo-3.svg\",\"link\":\"https:\\\/\\\/corporate.arcelormittal.com\\\/\"}}]},{\"name\":\"\",\"type\":\"divider\",\"props\":{\"divider_element\":\"hr\",\"item_maxwidth\":\"medium\",\"visibility\":\"\",\"divider_style\":\"\",\"divider_align\":\"\",\"divider_align_breakpoint\":\"\",\"divider_align_fallback\":\"\",\"position\":\"\",\"position_z_index\":\"\",\"margin\":\"remove-vertical\",\"maxwidth\":\"\",\"maxwidth_breakpoint\":\"\",\"block_align\":\"\",\"block_align_breakpoint\":\"\",\"block_align_fallback\":\"\",\"animation\":\"\"}},{\"type\":\"grid\",\"props\":{\"show_title\":false,\"show_meta\":false,\"show_content\":false,\"show_image\":true,\"show_link\":false,\"grid_default\":\"1\",\"grid_medium\":\"4\",\"filter_style\":\"tab\",\"filter_all\":true,\"filter_position\":\"top\",\"filter_align\":\"left\",\"filter_grid_width\":\"auto\",\"filter_grid_breakpoint\":\"m\",\"title_hover_style\":\"reset\",\"title_element\":\"h3\",\"title_align\":\"top\",\"title_grid_width\":\"1-2\",\"title_grid_breakpoint\":\"m\",\"meta_style\":\"meta\",\"meta_align\":\"below-title\",\"icon_ratio\":4,\"image_align\":\"top\",\"image_grid_width\":\"1-2\",\"image_grid_breakpoint\":\"m\",\"image_svg_color\":\"emphasis\",\"link_text\":\"Read more\",\"link_style\":\"default\",\"margin\":\"default\",\"item_animation\":\"slide-bottom-small\",\"grid_column_gap\":\"\",\"grid_row_gap\":\"\",\"grid_small\":\"\",\"grid_large\":\"\",\"grid_xlarge\":\"\",\"filter_margin\":\"\",\"filter_grid_column_gap\":\"\",\"filter_grid_row_gap\":\"\",\"title_display\":\"\",\"content_display\":\"\",\"panel_style\":\"\",\"panel_content_padding\":\"\",\"panel_size\":\"\",\"item_maxwidth\":\"\",\"title_style\":\"\",\"title_decoration\":\"\",\"title_font_family\":\"\",\"title_color\":\"\",\"title_grid_column_gap\":\"\",\"title_grid_row_gap\":\"\",\"title_margin\":\"\",\"meta_color\":\"\",\"meta_margin\":\"\",\"content_style\":\"\",\"content_margin\":\"\",\"image_transition\":\"\",\"image_border\":\"\",\"image_box_shadow\":\"\",\"image_hover_box_shadow\":\"\",\"image_box_decoration\":\"\",\"icon_color\":\"\",\"image_grid_column_gap\":\"\",\"image_grid_row_gap\":\"\",\"image_margin\":\"\",\"link_type\":\"\",\"link_size\":\"\",\"link_margin\":\"\",\"position\":\"\",\"position_z_index\":\"\",\"maxwidth\":\"\",\"maxwidth_breakpoint\":\"\",\"block_align\":\"\",\"block_align_breakpoint\":\"\",\"block_align_fallback\":\"\",\"text_align\":\"\",\"text_align_breakpoint\":\"\",\"text_align_fallback\":\"\",\"visibility\":\"\",\"grid_divider\":true,\"margin_remove_bottom\":true,\"margin_remove_top\":true},\"children\":[{\"type\":\"grid_item\",\"props\":{\"image\":\"wp-content\\\/uploads\\\/bergenbier-logo.svg\"}},{\"type\":\"grid_item\",\"props\":{\"image\":\"wp-content\\\/uploads\\\/heineken-logo-01.svg\"}}]}]}]}]},{\"name\":\"About us\",\"type\":\"section\",\"props\":{\"width\":\"default\",\"padding\":\"\",\"style\":\"default\",\"header_overlay\":\"\",\"animation\":\"\",\"padding_remove_top\":false,\"image_size\":\"cover\",\"image_position\":\"center-center\",\"vertical_align\":\"middle\",\"title_position\":\"top-left\",\"title_rotation\":\"left\",\"title_breakpoint\":\"xl\",\"height\":\"\",\"padding_remove_bottom\":false,\"animation_delay\":false,\"id\":\"\",\"image_effect\":\"\",\"text_color\":\"\",\"width_expand\":\"\",\"header_transparent\":\"\"},\"children\":[{\"name\":\"\",\"type\":\"row\",\"props\":{\"fixed_width\":\"large\",\"breakpoint\":\"l\",\"layout\":\"1-1\",\"column_gap\":\"\",\"row_gap\":\"\",\"width\":\"\",\"width_expand\":\"\",\"height\":\"\",\"margin\":\"\"},\"children\":[{\"name\":\"\",\"type\":\"column\",\"props\":{\"image_position\":\"center-center\",\"media_overlay_gradient\":\"\"},\"children\":[{\"type\":\"headline\",\"props\":{\"title_element\":\"h3\",\"title_style\":\"heading-small\",\"title_decoration\":\"\",\"title_font_family\":\"tertiary\",\"title_color\":\"\",\"position\":\"\",\"position_z_index\":\"\",\"margin\":\"\",\"maxwidth\":\"\",\"maxwidth_breakpoint\":\"\",\"block_align\":\"\",\"block_align_breakpoint\":\"\",\"block_align_fallback\":\"\",\"text_align\":\"center\",\"text_align_breakpoint\":\"\",\"text_align_fallback\":\"\",\"animation\":\"\",\"visibility\":\"\",\"content\":\"Zeci de clien\\u021bi \\u0219i tot at\\u00e2tea colabor\\u0103ri de succes!\\n\"}}]}]}]}],\"version\":\"1.22.7\",\"props\":[]} --><\/p>","protected":false},"excerpt":{"rendered":"<p>P\u0103rerile clientilor nostri Partenerii no\u0219tri sunt clien\u021bi importan\u021bi care mizeaz\u0103 pe o strategie &#8211; cu accent direct pe colaborarea cu firme de transport &#8211; ce ofer\u0103 servicii de calitate. interSting &#8222;\u00centr-o afacere dinamic\u0103 precum transporturile, KSC iese \u00een eviden\u0163\u0103 prin serviciile sale \u015fi prin respectul fa\u0163\u0103 de clien\u0163i. KSC vine \u00een \u00eent\u00e2mpinarea nevoilor noastre, ne [&hellip;]<\/p>","protected":false},"author":1,"featured_media":0,"parent":0,"menu_order":0,"comment_status":"closed","ping_status":"closed","template":"","meta":{"footnotes":""},"class_list":["post-365","page","type-page","status-publish","hentry"],"yoast_head":"<!-- This site is optimized with the Yoast SEO plugin v26.1.1 - https:\/\/yoast.com\/wordpress\/plugins\/seo\/ -->\n<title>Clien\u0163i - KSC<\/title>\n<meta name=\"robots\" content=\"index, follow, max-snippet:-1, max-image-preview:large, max-video-preview:-1\" \/>\n<link rel=\"canonical\" href=\"https:\/\/ksc.ro\/en\/clienti\/\" \/>\n<meta property=\"og:locale\" content=\"en_GB\" \/>\n<meta property=\"og:type\" content=\"article\" \/>\n<meta property=\"og:title\" content=\"Clien\u0163i - KSC\" \/>\n<meta property=\"og:description\" content=\"P\u0103rerile clientilor nostri Partenerii no\u0219tri sunt clien\u021bi importan\u021bi care mizeaz\u0103 pe o strategie &#8211; cu accent direct pe colaborarea cu firme de transport &#8211; ce ofer\u0103 servicii de calitate. interSting &#8222;\u00centr-o afacere dinamic\u0103 precum transporturile, KSC iese \u00een eviden\u0163\u0103 prin serviciile sale \u015fi prin respectul fa\u0163\u0103 de clien\u0163i. KSC vine \u00een \u00eent\u00e2mpinarea nevoilor noastre, ne [&hellip;]\" \/>\n<meta property=\"og:url\" content=\"https:\/\/ksc.ro\/en\/clienti\/\" \/>\n<meta property=\"og:site_name\" content=\"KSC\" \/>\n<meta property=\"article:publisher\" content=\"https:\/\/www.facebook.com\/KscTransport\/\" \/>\n<meta property=\"article:modified_time\" content=\"2020-01-23T10:15:37+00:00\" \/>\n<meta property=\"og:image\" content=\"http:\/\/wp-content\/uploads\/intersting.png\" \/>\n<meta name=\"twitter:card\" content=\"summary_large_image\" \/>\n<meta name=\"twitter:label1\" content=\"Estimated reading time\" \/>\n\t<meta name=\"twitter:data1\" content=\"1 minute\" \/>\n<script type=\"application\/ld+json\" class=\"yoast-schema-graph\">{\"@context\":\"https:\/\/schema.org\",\"@graph\":[{\"@type\":\"WebPage\",\"@id\":\"https:\/\/ksc.ro\/clienti\/\",\"url\":\"https:\/\/ksc.ro\/clienti\/\",\"name\":\"Clien\u0163i - KSC\",\"isPartOf\":{\"@id\":\"https:\/\/ksc.ro\/#website\"},\"datePublished\":\"2019-10-01T06:54:53+00:00\",\"dateModified\":\"2020-01-23T10:15:37+00:00\",\"breadcrumb\":{\"@id\":\"https:\/\/ksc.ro\/clienti\/#breadcrumb\"},\"inLanguage\":\"en-GB\",\"potentialAction\":[{\"@type\":\"ReadAction\",\"target\":[\"https:\/\/ksc.ro\/clienti\/\"]}]},{\"@type\":\"BreadcrumbList\",\"@id\":\"https:\/\/ksc.ro\/clienti\/#breadcrumb\",\"itemListElement\":[{\"@type\":\"ListItem\",\"position\":1,\"name\":\"Home\",\"item\":\"https:\/\/ksc.ro\/\"},{\"@type\":\"ListItem\",\"position\":2,\"name\":\"Clien\u0163i\"}]},{\"@type\":\"WebSite\",\"@id\":\"https:\/\/ksc.ro\/#website\",\"url\":\"https:\/\/ksc.ro\/\",\"name\":\"KSC Transport\",\"description\":\"in europe with KSC\",\"publisher\":{\"@id\":\"https:\/\/ksc.ro\/#organization\"},\"potentialAction\":[{\"@type\":\"SearchAction\",\"target\":{\"@type\":\"EntryPoint\",\"urlTemplate\":\"https:\/\/ksc.ro\/?s={search_term_string}\"},\"query-input\":{\"@type\":\"PropertyValueSpecification\",\"valueRequired\":true,\"valueName\":\"search_term_string\"}}],\"inLanguage\":\"en-GB\"},{\"@type\":\"Organization\",\"@id\":\"https:\/\/ksc.ro\/#organization\",\"name\":\"KSC Transport\",\"url\":\"https:\/\/ksc.ro\/\",\"logo\":{\"@type\":\"ImageObject\",\"inLanguage\":\"en-GB\",\"@id\":\"https:\/\/ksc.ro\/#\/schema\/logo\/image\/\",\"url\":\"https:\/\/ksc.ro\/wp-content\/uploads\/logo-ksc.svg\",\"contentUrl\":\"https:\/\/ksc.ro\/wp-content\/uploads\/logo-ksc.svg\",\"width\":425,\"height\":67,\"caption\":\"KSC Transport\"},\"image\":{\"@id\":\"https:\/\/ksc.ro\/#\/schema\/logo\/image\/\"},\"sameAs\":[\"https:\/\/www.facebook.com\/KscTransport\/\",\"https:\/\/www.linkedin.com\/company\/ksc-transport\/about\/\"]}]}<\/script>\n<!-- \/ Yoast SEO plugin. -->","yoast_head_json":{"title":"Clien\u0163i - KSC","robots":{"index":"index","follow":"follow","max-snippet":"max-snippet:-1","max-image-preview":"max-image-preview:large","max-video-preview":"max-video-preview:-1"},"canonical":"https:\/\/ksc.ro\/en\/clienti\/","og_locale":"en_GB","og_type":"article","og_title":"Clien\u0163i - KSC","og_description":"P\u0103rerile clientilor nostri Partenerii no\u0219tri sunt clien\u021bi importan\u021bi care mizeaz\u0103 pe o strategie &#8211; cu accent direct pe colaborarea cu firme de transport &#8211; ce ofer\u0103 servicii de calitate. interSting &#8222;\u00centr-o afacere dinamic\u0103 precum transporturile, KSC iese \u00een eviden\u0163\u0103 prin serviciile sale \u015fi prin respectul fa\u0163\u0103 de clien\u0163i. KSC vine \u00een \u00eent\u00e2mpinarea nevoilor noastre, ne [&hellip;]","og_url":"https:\/\/ksc.ro\/en\/clienti\/","og_site_name":"KSC","article_publisher":"https:\/\/www.facebook.com\/KscTransport\/","article_modified_time":"2020-01-23T10:15:37+00:00","og_image":[{"url":"wp-content\/uploads\/intersting.png","type":"","width":"","height":""}],"twitter_card":"summary_large_image","twitter_misc":{"Estimated reading time":"1 minute"},"schema":{"@context":"https:\/\/schema.org","@graph":[{"@type":"WebPage","@id":"https:\/\/ksc.ro\/clienti\/","url":"https:\/\/ksc.ro\/clienti\/","name":"Clien\u0163i - KSC","isPartOf":{"@id":"https:\/\/ksc.ro\/#website"},"datePublished":"2019-10-01T06:54:53+00:00","dateModified":"2020-01-23T10:15:37+00:00","breadcrumb":{"@id":"https:\/\/ksc.ro\/clienti\/#breadcrumb"},"inLanguage":"en-GB","potentialAction":[{"@type":"ReadAction","target":["https:\/\/ksc.ro\/clienti\/"]}]},{"@type":"BreadcrumbList","@id":"https:\/\/ksc.ro\/clienti\/#breadcrumb","itemListElement":[{"@type":"ListItem","position":1,"name":"Home","item":"https:\/\/ksc.ro\/"},{"@type":"ListItem","position":2,"name":"Clien\u0163i"}]},{"@type":"WebSite","@id":"https:\/\/ksc.ro\/#website","url":"https:\/\/ksc.ro\/","name":"KSC Transport","description":"in europe with KSC","publisher":{"@id":"https:\/\/ksc.ro\/#organization"},"potentialAction":[{"@type":"SearchAction","target":{"@type":"EntryPoint","urlTemplate":"https:\/\/ksc.ro\/?s={search_term_string}"},"query-input":{"@type":"PropertyValueSpecification","valueRequired":true,"valueName":"search_term_string"}}],"inLanguage":"en-GB"},{"@type":"Organization","@id":"https:\/\/ksc.ro\/#organization","name":"KSC Transport","url":"https:\/\/ksc.ro\/","logo":{"@type":"ImageObject","inLanguage":"en-GB","@id":"https:\/\/ksc.ro\/#\/schema\/logo\/image\/","url":"https:\/\/ksc.ro\/wp-content\/uploads\/logo-ksc.svg","contentUrl":"https:\/\/ksc.ro\/wp-content\/uploads\/logo-ksc.svg","width":425,"height":67,"caption":"KSC Transport"},"image":{"@id":"https:\/\/ksc.ro\/#\/schema\/logo\/image\/"},"sameAs":["https:\/\/www.facebook.com\/KscTransport\/","https:\/\/www.linkedin.com\/company\/ksc-transport\/about\/"]}]}},"jetpack_sharing_enabled":true,"_links":{"self":[{"href":"https:\/\/ksc.ro\/en\/wp-json\/wp\/v2\/pages\/365","targetHints":{"allow":["GET"]}}],"collection":[{"href":"https:\/\/ksc.ro\/en\/wp-json\/wp\/v2\/pages"}],"about":[{"href":"https:\/\/ksc.ro\/en\/wp-json\/wp\/v2\/types\/page"}],"author":[{"embeddable":true,"href":"https:\/\/ksc.ro\/en\/wp-json\/wp\/v2\/users\/1"}],"replies":[{"embeddable":true,"href":"https:\/\/ksc.ro\/en\/wp-json\/wp\/v2\/comments?post=365"}],"version-history":[{"count":3,"href":"https:\/\/ksc.ro\/en\/wp-json\/wp\/v2\/pages\/365\/revisions"}],"predecessor-version":[{"id":541,"href":"https:\/\/ksc.ro\/en\/wp-json\/wp\/v2\/pages\/365\/revisions\/541"}],"wp:attachment":[{"href":"https:\/\/ksc.ro\/en\/wp-json\/wp\/v2\/media?parent=365"}],"curies":[{"name":"wp","href":"https:\/\/api.w.org\/{rel}","templated":true}]}}