{"id":23,"date":"2019-05-09T10:25:33","date_gmt":"2019-05-09T07:25:33","guid":{"rendered":"http:\/\/localhost\/yootheme_pro\/2019\/Makai\/Website_WP\/index.php\/surf-rentals\/"},"modified":"2023-08-10T14:22:06","modified_gmt":"2023-08-10T11:22:06","slug":"logistica","status":"publish","type":"page","link":"https:\/\/ksc.ro\/en\/logistica\/","title":{"rendered":"Logistics"},"content":{"rendered":"<h1>Logistics<\/h1>\n<h2>Industrial warehouse<br \/>\n| Cl\u0103dire de birouri<br \/>\n<\/h2>\n<div>KSC Transport was created to meet the growing demands of the European market and companies present here.<br \/>\nKSC is a dynamic network of partners, affiliates, and own resources that ensures availability of services across the continent. KSC's expertise in the transport and shipping sector adds value to our partners, ensuring timely and secure delivery.<\/p>\n<\/div>\n<h3>Industrial warehouse<br \/>\n<\/h3>\n<div>\n<p>Our warehouse has a capacity of 12,900 sqm\u00a0<\/p>\n<p>KSC Logistic Center has a total surface of 15500 sqm. Available space 10000 sqm (in modules of minimum 500 sqm): 5 modules of 1600 sqm (1500 sqm warehouse space and 100 sqm office space) 2 modules of 550 sqm (500 sqm warehouse and 50 sqm ofiice space) or 1 module of 10.000 sqm, 2600 sqm office space.<br \/>Other cofiguration is available.<br \/>Negociable prices.<\/p>\n<\/div>\n<ul>\n<li>\n<div>Utilities: central heating, water, gas, electricity (50 kwh), internet access<\/div>\n<\/li>\n<li>\n<div>High quality materials have been used for finishing the office space.\n<\/div>\n<\/li>\n<li>\n<div>Hall height: 11 m, class A\n<\/div>\n<\/li>\n<li>\n<div>own yard - platform \/ parking\n<\/div>\n<\/li>\n<li>\n<div>Access: truck access, road way\n<\/div>\n<\/li>\n<\/ul>\n<ul>\n<li>\n<div>11 loading \/ unloading ramps\n<\/div>\n<\/li>\n<li>\n<div>electrical current 380V\n<\/div>\n<\/li>\n<li>\n<div>Security, video surveillance\n<\/div>\n<\/li>\n<li>\n<div>Controlled access\n<\/div>\n<\/li>\n<li>\n<div>Truck parking\n<\/div>\n<\/li>\n<li>\n<div>Car parking\n<\/div>\n<\/li>\n<\/ul>\n<p><img decoding=\"async\" src=\"\/wp-content\/uploads\/999.webp\" alt=\"KSC\"><\/p>\n<h3>Office building<br \/>\n<\/h3>\n<div>\n<h5>Office building with a P+2 structure, situated on Uzinelor street, Nbr. 60, Oradea, Bihor, Romania<\/h5>\n<p>Avand o suprafata util\u0103 de 2600 mp, imobilul este compartimentat in birouri individuale \u0219i birouri open space, exist\u00e2nd de asemenea \u00eenc\u0103peri dedicate de depozitare\/ arhivare\/ servere.<br \/>\nConfortul termic este asigurat cu ajutorul centralei termice si de aparate de aer conditionat tip split. Imobilul dispune de toate facilitatile necesare desfasurarii activitatii de birou.<br \/>\nPre\u0163 negociabil.<\/p><\/div>\n<ul>\n<li>\n<div>Utilities: central heating, water, gas, electricity (50 kwh), internet access\n<\/div>\n<\/li>\n<li>\n<div>High quality materials have been used for finishing the office space.\n<\/div>\n<\/li>\n<li>\n<div>own yard - platform \/ parking\n<\/div>\n<\/li>\n<\/ul>\n<ul>\n<li>\n<div>Security, video surveillance\n<\/div>\n<\/li>\n<li>\n<div>Controlled access\n<\/div>\n<\/li>\n<li>\n<div>Access: truck access, road way<\/div>\n<\/li>\n<li>\n<div>Car parking\n<\/div>\n<\/li>\n<\/ul>\n<div>\n<p>        <img decoding=\"async\" src=\"\/wp-content\/uploads\/Moldovan-Gheorghe.jpg\" alt=\"\"><\/p>\n<h3>I am Gheorghe Moldovan<\/h3>\n<div>and I represent KSC Transport SRL, as Business Development Manager.<br \/>\nI am available for more information about the Logistic Center, office space or warehouse space rental.<\/p>\n<h5><span uk-icon=\"icon: mail\"><\/span><br \/>\n email: moldovan@ksc-transport.ro <br \/> <span uk-icon=\"icon: receiver\"> <\/span> mob: +4 0769 002 928<\/h5>\n<\/div>\n<\/div>\n<hr>\n<h3>Customisation of services provided by KSC is one of the key priorities, in order to adapt to rapidly changing market requirements.<br \/>\n<\/h3>\n<p><!--more--><br \/>\n<!-- {\"name\":\"Subcontractan\\u0163i\",\"type\":\"layout\",\"children\":[{\"name\":\"Hero\",\"type\":\"section\",\"props\":{\"header_transparent\":\"light\",\"header_transparent_noplaceholder\":true,\"image\":\"wp-content\\\/uploads\\\/021-1.webp\",\"image_position\":\"center-center\",\"image_size\":\"cover\",\"media_overlay\":\"rgba(0, 0, 0, 0.48)\",\"padding\":\"xlarge\",\"padding_remove_top\":false,\"style\":\"default\",\"title_breakpoint\":\"xl\",\"title_position\":\"top-left\",\"title_rotation\":\"left\",\"vertical_align\":\"\",\"width\":\"\"},\"children\":[{\"type\":\"row\",\"children\":[{\"type\":\"column\",\"props\":{\"image_position\":\"center-center\",\"position_sticky_breakpoint\":\"m\",\"width_medium\":\"1-1\"}}]}]},{\"name\":\"Terms\",\"type\":\"section\",\"props\":{\"image_position\":\"center-center\",\"style\":\"default\",\"title_breakpoint\":\"xl\",\"title_position\":\"top-left\",\"title_rotation\":\"left\",\"vertical_align\":\"\",\"width\":\"small\"},\"children\":[{\"type\":\"row\",\"children\":[{\"type\":\"column\",\"props\":{\"image_position\":\"center-center\",\"position_sticky_breakpoint\":\"m\",\"width_medium\":\"1-1\"},\"children\":[{\"type\":\"headline\",\"props\":{\"content\":\"Logistic\\u0103\",\"margin_remove_bottom\":false,\"margin_remove_top\":true,\"title_element\":\"h1\",\"title_font_family\":\"tertiary\",\"title_style\":\"heading-medium\"}},{\"type\":\"headline\",\"props\":{\"content\":\"Spa\\u021bii de depozitare industriale\\n| Cl\\u0103dire de birouri\\n\",\"margin_remove_top\":true,\"title_element\":\"h2\"}}]}]},{\"type\":\"row\",\"props\":{\"margin\":\"default\",\"margin_remove_top\":false},\"children\":[{\"type\":\"column\",\"props\":{\"image_position\":\"center-center\",\"position_sticky_breakpoint\":\"m\",\"width_medium\":\"1-1\"},\"children\":[{\"type\":\"text\",\"props\":{\"column_breakpoint\":\"m\",\"content\":\"Re\\u021beaua KSC Transport a fost creat\\u0103 pentru a r\\u0103spunde pie\\u021bei europene \\u00een cre\\u0219tere \\u0219i a companiilor prezente aici.<br \/>\\nO re\\u021bea dinamic\\u0103 de parteneri, afilia\\u021bi, \\u0219i resurse proprii asigur\\u0103 disponibilitatea serviciilor KSC pe \\u00eentregul continent. Expertiza KSC \\u00een transport \\u0219i \\u00een sectorul de expediere adaug\\u0103 valoare partenerilor no\\u0219tri, asigur\\u00e2nd o livrare rapid\\u0103, prompt\\u0103 \\u0219i sigur\\u0103.\\n\\n\",\"margin\":\"default\"}},{\"name\":\"Spa\\u021bii de depozitare industriale\",\"type\":\"headline\",\"props\":{\"content\":\"Spa\\u021bii de depozitare industriale\\n\",\"margin_remove_bottom\":true,\"title_element\":\"h3\"}},{\"type\":\"text\",\"props\":{\"column_breakpoint\":\"m\",\"content\":\"\n\n<p>Depozitul nostru are o capacitate de 12.900 mp\\u00a0<\\\/p>\\n\n\n<p>Spatii de inchiriat in incinta Centru Logistic KSC, cu o suprafata totala construita: 15.500 mp. Suprafata disponibila: 10.000 mp \\u00een module de minim 500 mp: 5 module: 1.600 mp (1500 mpp hala + 100 mp birouri), 2 module: 550 mp (500 mp hala + 50 mp birouri) sau 1 modul 10.000 mp, spatii de birouri 2600 mp.<br \\\/>La cerere se poate configura orice combimnatie de spatii hala si\\\/sau birouri.<br \\\/>Pre\\u0163uri negociabile.<\\\/p>\",\"margin\":\"default\",\"margin_remove_top\":true}}]}]},{\"type\":\"row\",\"props\":{\"layout\":\"1-2,1-2\"},\"children\":[{\"type\":\"column\",\"props\":{\"image_position\":\"center-center\",\"position_sticky_breakpoint\":\"m\",\"width_medium\":\"1-2\"},\"children\":[{\"type\":\"list\",\"props\":{\"block_align\":\"right\",\"column_breakpoint\":\"m\",\"icon\":\"check\",\"image_align\":\"left\",\"image_svg_color\":\"emphasis\",\"image_vertical_align\":true,\"list_element\":\"ul\",\"list_horizontal_separator\":\", \",\"list_type\":\"vertical\",\"margin\":\"medium\",\"show_image\":true,\"show_link\":true},\"children\":[{\"type\":\"list_item\",\"props\":{\"content\":\"toate utilitatile: \\u00eenc\\u0103lzire, apa, gaze, electricitate, acces internet\"}},{\"type\":\"list_item\",\"props\":{\"content\":\"suprafetele pentru birouri sunt finisate la o calitate superioara\\n\"}},{\"type\":\"list_item\",\"props\":{\"content\":\"\\u00een\\u0103l\\u021bime hal\\u0103: 11 m, clasa A\\n\"}},{\"type\":\"list_item\",\"props\":{\"content\":\"curte proprie - platforma \\\/parcare\\n\"}},{\"type\":\"list_item\",\"props\":{\"content\":\"acces: acces tir, cale rutiera\\n\"}}]}]},{\"type\":\"column\",\"props\":{\"image_position\":\"center-center\",\"position_sticky_breakpoint\":\"m\",\"width_medium\":\"1-2\"},\"children\":[{\"type\":\"list\",\"props\":{\"block_align\":\"right\",\"column_breakpoint\":\"m\",\"icon\":\"check\",\"image_align\":\"left\",\"image_svg_color\":\"emphasis\",\"image_vertical_align\":true,\"list_element\":\"ul\",\"list_horizontal_separator\":\", \",\"list_type\":\"vertical\",\"margin\":\"medium\",\"show_image\":true,\"show_link\":true},\"children\":[{\"type\":\"list_item\",\"props\":{\"content\":\"11 rampe incarcare\\\/descarcare\\n\"}},{\"type\":\"list_item\",\"props\":{\"content\":\"curent 380V\\n\"}},{\"type\":\"list_item\",\"props\":{\"content\":\"paz\\u0103, monitorizare video\\n\"}},{\"type\":\"list_item\",\"props\":{\"content\":\"acces controlat\\n\"}},{\"type\":\"list_item\",\"props\":{\"content\":\"parcare tir\\n\"}},{\"type\":\"list_item\",\"props\":{\"content\":\"parcare autoturisme\\n\"}}]}]}]},{\"type\":\"row\",\"children\":[{\"type\":\"column\",\"props\":{\"image_position\":\"center-center\",\"position_sticky_breakpoint\":\"m\",\"width_medium\":\"1-1\"},\"children\":[{\"type\":\"image\",\"props\":{\"animation\":\"parallax\",\"image\":\"wp-content\\\/uploads\\\/999.webp\",\"image_alt\":\"KSC\",\"image_svg_color\":\"emphasis\",\"margin\":\"remove-vertical\",\"parallax_easing\":\"1\",\"parallax_end\":\"50vh + 50%\",\"parallax_opacity\":\"0.2,1\"}}]}]},{\"type\":\"row\",\"props\":{\"margin\":\"large\"},\"children\":[{\"type\":\"column\",\"props\":{\"image_position\":\"center-center\",\"position_sticky_breakpoint\":\"m\",\"width_medium\":\"1-1\"},\"children\":[{\"name\":\"Cl\\u0103dire de birouri\",\"type\":\"headline\",\"props\":{\"content\":\"Cl\\u0103dire de birouri\\n\",\"title_element\":\"h3\"}},{\"type\":\"text\",\"props\":{\"column_breakpoint\":\"m\",\"content\":\"\n\n<h5>Cladire pentru birouri cu structura P+2, pozitionata in zona Str. Uzinelor nr. 60, Oradea, Bihor, Rom\\u00e2nia<\\\/h5>\\n\\nAvand o suprafata util\\u0103 de 2600 mp, imobilul este compartimentat in birouri individuale \\u0219i birouri open space, exist\\u00e2nd de asemenea \\u00eenc\\u0103peri dedicate de depozitare\\\/ arhivare\\\/ servere.\\nConfortul termic este asigurat cu ajutorul centralei termice si de aparate de aer conditionat tip split. Imobilul dispune de toate facilitatile necesare desfasurarii activitatii de birou.\\nPre\\u0163 negociabil.\",\"margin\":\"default\"}}]}]},{\"type\":\"row\",\"props\":{\"layout\":\"1-2,1-2\"},\"children\":[{\"type\":\"column\",\"props\":{\"image_position\":\"center-center\",\"position_sticky_breakpoint\":\"m\",\"width_medium\":\"1-2\"},\"children\":[{\"type\":\"list\",\"props\":{\"block_align\":\"right\",\"column_breakpoint\":\"m\",\"icon\":\"check\",\"image_align\":\"left\",\"image_svg_color\":\"emphasis\",\"image_vertical_align\":true,\"list_element\":\"ul\",\"list_horizontal_separator\":\", \",\"list_type\":\"vertical\",\"margin\":\"medium\",\"show_image\":true,\"show_link\":true},\"children\":[{\"type\":\"list_item\",\"props\":{\"content\":\"toate utilitatile: \\u00eenc\\u0103lzire, apa, gaze, electricitate (50 kwh), acces internet\\n\"}},{\"type\":\"list_item\",\"props\":{\"content\":\"suprafetele pentru birouri sunt finisate la o calitate superioara\\n\"}},{\"type\":\"list_item\",\"props\":{\"content\":\"curte proprie - platforma \\\/parcare\\n\"}}]}]},{\"type\":\"column\",\"props\":{\"image_position\":\"center-center\",\"position_sticky_breakpoint\":\"m\",\"width_medium\":\"1-2\"},\"children\":[{\"type\":\"list\",\"props\":{\"block_align\":\"right\",\"column_breakpoint\":\"m\",\"icon\":\"check\",\"image_align\":\"left\",\"image_svg_color\":\"emphasis\",\"image_vertical_align\":true,\"list_element\":\"ul\",\"list_horizontal_separator\":\", \",\"list_type\":\"vertical\",\"margin\":\"medium\",\"show_image\":true,\"show_link\":true},\"children\":[{\"type\":\"list_item\",\"props\":{\"content\":\"paz\\u0103, monitorizare video\\n\"}},{\"type\":\"list_item\",\"props\":{\"content\":\"acces controlat\\n\"}},{\"type\":\"list_item\",\"props\":{\"content\":\"acces tir, cale rutiera\"}},{\"type\":\"list_item\",\"props\":{\"content\":\"parcare autoturisme\\n\"}}]}]}]},{\"type\":\"row\",\"children\":[{\"type\":\"column\",\"props\":{\"image_position\":\"center-center\",\"position_sticky_breakpoint\":\"m\",\"width_medium\":\"1-1\"},\"children\":[{\"type\":\"panel\",\"props\":{\"content\":\"Reprezint KSC Transport SRL, \\u00een calitate de Business Development Manager.<br \/>\\nPentru informa\\u021bii suplimentare legate de Centrul Logistic, spa\\u021bii de birouri, sau spa\\u021bii de depozitare de \\u00eenchiriat \\u00een cadrul centrului logistic v\\u0103 stau, cu pl\\u0103cere, la dispozi\\u021bie.\\n\\n\n\n<h5><span uk-icon=\\\"icon: mail\\\"><\\\/span> \\n email: moldovan@ksc-transport.ro <br \/> <span uk-icon=\\\"icon: receiver\\\"> <\\\/span> mob: +4 0769 002 928<\\\/h5>\\n\\n\\n\",\"content_column_breakpoint\":\"m\",\"icon_width\":80,\"image\":\"wp-content\\\/uploads\\\/Moldovan-Gheorghe.jpg\",\"image_align\":\"left\",\"image_border\":\"rounded\",\"image_box_shadow\":\"small\",\"image_grid_breakpoint\":\"m\",\"image_grid_width\":\"1-3\",\"image_svg_color\":\"emphasis\",\"image_vertical_align\":true,\"link_style\":\"text\",\"link_text\":\"Mob: +4 0769 002 928\",\"margin\":\"default\",\"margin_remove_top\":false,\"meta\":\"\",\"meta_align\":\"below-content\",\"meta_element\":\"div\",\"meta_style\":\"text-meta\",\"panel_padding\":\"default\",\"panel_style\":\"card-primary\",\"title\":\"M\\u0103 numesc Gheorghe Moldovan\",\"title_align\":\"top\",\"title_element\":\"h3\",\"title_grid_breakpoint\":\"m\",\"title_grid_width\":\"1-2\",\"title_hover_style\":\"reset\",\"title_margin\":\"remove\"}}]}]},{\"type\":\"row\",\"props\":{\"margin\":\"large\"},\"children\":[{\"type\":\"column\",\"props\":{\"image_position\":\"center-center\",\"position_sticky_breakpoint\":\"m\",\"width_medium\":\"1-1\"},\"children\":[{\"type\":\"divider\",\"props\":{\"block_align\":\"center\",\"divider_element\":\"hr\",\"divider_style\":\"icon\",\"maxwidth\":\"xlarge\"}},{\"type\":\"headline\",\"props\":{\"content\":\"Individualizarea \\u0219i personalizarea serviciilor oferite de KSC reprezint\\u0103 unul dintre punctele esen\\u021biale din lista priorit\\u0103\\u021bilor privind capacitatea, adaptabilitatea \\u0219i actualizarea companiei la cerin\\u021bele pie\\u021bei aflat\\u0103 \\u00een permanent\\u0103 schimbare.\\n\",\"title_element\":\"h3\",\"title_style\":\"h5\"}}]}]}]}],\"version\":\"4.0.9\"} --><\/p>","protected":false},"excerpt":{"rendered":"<p>Logistic\u0103 Spa\u021bii de depozitare industriale | Cl\u0103dire de birouri Re\u021beaua KSC Transport a fost creat\u0103 pentru a r\u0103spunde pie\u021bei europene \u00een cre\u0219tere \u0219i a companiilor prezente aici. O re\u021bea dinamic\u0103 de parteneri, afilia\u021bi, \u0219i resurse proprii asigur\u0103 disponibilitatea serviciilor KSC pe \u00eentregul continent. Expertiza KSC \u00een transport \u0219i \u00een sectorul de expediere adaug\u0103 valoare partenerilor [&hellip;]<\/p>","protected":false},"author":1,"featured_media":0,"parent":0,"menu_order":0,"comment_status":"closed","ping_status":"closed","template":"","meta":{"footnotes":""},"class_list":["post-23","page","type-page","status-publish","hentry"],"yoast_head":"<!-- This site is optimized with the Yoast SEO plugin v26.1.1 - https:\/\/yoast.com\/wordpress\/plugins\/seo\/ -->\n<title>Logistic\u0103 - KSC<\/title>\n<meta name=\"robots\" content=\"index, follow, max-snippet:-1, max-image-preview:large, max-video-preview:-1\" \/>\n<link rel=\"canonical\" href=\"https:\/\/ksc.ro\/en\/logistica\/\" \/>\n<meta property=\"og:locale\" content=\"en_GB\" \/>\n<meta property=\"og:type\" content=\"article\" \/>\n<meta property=\"og:title\" content=\"Logistic\u0103 - KSC\" \/>\n<meta property=\"og:description\" content=\"Logistic\u0103 Spa\u021bii de depozitare industriale | Cl\u0103dire de birouri Re\u021beaua KSC Transport a fost creat\u0103 pentru a r\u0103spunde pie\u021bei europene \u00een cre\u0219tere \u0219i a companiilor prezente aici. O re\u021bea dinamic\u0103 de parteneri, afilia\u021bi, \u0219i resurse proprii asigur\u0103 disponibilitatea serviciilor KSC pe \u00eentregul continent. Expertiza KSC \u00een transport \u0219i \u00een sectorul de expediere adaug\u0103 valoare partenerilor [&hellip;]\" \/>\n<meta property=\"og:url\" content=\"https:\/\/ksc.ro\/en\/logistica\/\" \/>\n<meta property=\"og:site_name\" content=\"KSC\" \/>\n<meta property=\"article:publisher\" content=\"https:\/\/www.facebook.com\/KscTransport\/\" \/>\n<meta property=\"article:modified_time\" content=\"2023-08-10T11:22:06+00:00\" \/>\n<meta name=\"twitter:card\" content=\"summary_large_image\" \/>\n<meta name=\"twitter:label1\" content=\"Estimated reading time\" \/>\n\t<meta name=\"twitter:data1\" content=\"2 minutes\" \/>\n<script type=\"application\/ld+json\" class=\"yoast-schema-graph\">{\"@context\":\"https:\/\/schema.org\",\"@graph\":[{\"@type\":\"WebPage\",\"@id\":\"https:\/\/ksc.ro\/logistica\/\",\"url\":\"https:\/\/ksc.ro\/logistica\/\",\"name\":\"Logistic\u0103 - KSC\",\"isPartOf\":{\"@id\":\"https:\/\/ksc.ro\/#website\"},\"datePublished\":\"2019-05-09T07:25:33+00:00\",\"dateModified\":\"2023-08-10T11:22:06+00:00\",\"breadcrumb\":{\"@id\":\"https:\/\/ksc.ro\/logistica\/#breadcrumb\"},\"inLanguage\":\"en-GB\",\"potentialAction\":[{\"@type\":\"ReadAction\",\"target\":[\"https:\/\/ksc.ro\/logistica\/\"]}]},{\"@type\":\"BreadcrumbList\",\"@id\":\"https:\/\/ksc.ro\/logistica\/#breadcrumb\",\"itemListElement\":[{\"@type\":\"ListItem\",\"position\":1,\"name\":\"Home\",\"item\":\"https:\/\/ksc.ro\/\"},{\"@type\":\"ListItem\",\"position\":2,\"name\":\"Logistic\u0103\"}]},{\"@type\":\"WebSite\",\"@id\":\"https:\/\/ksc.ro\/#website\",\"url\":\"https:\/\/ksc.ro\/\",\"name\":\"KSC Transport\",\"description\":\"in europe with KSC\",\"publisher\":{\"@id\":\"https:\/\/ksc.ro\/#organization\"},\"potentialAction\":[{\"@type\":\"SearchAction\",\"target\":{\"@type\":\"EntryPoint\",\"urlTemplate\":\"https:\/\/ksc.ro\/?s={search_term_string}\"},\"query-input\":{\"@type\":\"PropertyValueSpecification\",\"valueRequired\":true,\"valueName\":\"search_term_string\"}}],\"inLanguage\":\"en-GB\"},{\"@type\":\"Organization\",\"@id\":\"https:\/\/ksc.ro\/#organization\",\"name\":\"KSC Transport\",\"url\":\"https:\/\/ksc.ro\/\",\"logo\":{\"@type\":\"ImageObject\",\"inLanguage\":\"en-GB\",\"@id\":\"https:\/\/ksc.ro\/#\/schema\/logo\/image\/\",\"url\":\"https:\/\/ksc.ro\/wp-content\/uploads\/logo-ksc.svg\",\"contentUrl\":\"https:\/\/ksc.ro\/wp-content\/uploads\/logo-ksc.svg\",\"width\":425,\"height\":67,\"caption\":\"KSC Transport\"},\"image\":{\"@id\":\"https:\/\/ksc.ro\/#\/schema\/logo\/image\/\"},\"sameAs\":[\"https:\/\/www.facebook.com\/KscTransport\/\",\"https:\/\/www.linkedin.com\/company\/ksc-transport\/about\/\"]}]}<\/script>\n<!-- \/ Yoast SEO plugin. -->","yoast_head_json":{"title":"Logistic\u0103 - KSC","robots":{"index":"index","follow":"follow","max-snippet":"max-snippet:-1","max-image-preview":"max-image-preview:large","max-video-preview":"max-video-preview:-1"},"canonical":"https:\/\/ksc.ro\/en\/logistica\/","og_locale":"en_GB","og_type":"article","og_title":"Logistic\u0103 - KSC","og_description":"Logistic\u0103 Spa\u021bii de depozitare industriale | Cl\u0103dire de birouri Re\u021beaua KSC Transport a fost creat\u0103 pentru a r\u0103spunde pie\u021bei europene \u00een cre\u0219tere \u0219i a companiilor prezente aici. O re\u021bea dinamic\u0103 de parteneri, afilia\u021bi, \u0219i resurse proprii asigur\u0103 disponibilitatea serviciilor KSC pe \u00eentregul continent. Expertiza KSC \u00een transport \u0219i \u00een sectorul de expediere adaug\u0103 valoare partenerilor [&hellip;]","og_url":"https:\/\/ksc.ro\/en\/logistica\/","og_site_name":"KSC","article_publisher":"https:\/\/www.facebook.com\/KscTransport\/","article_modified_time":"2023-08-10T11:22:06+00:00","twitter_card":"summary_large_image","twitter_misc":{"Estimated reading time":"2 minutes"},"schema":{"@context":"https:\/\/schema.org","@graph":[{"@type":"WebPage","@id":"https:\/\/ksc.ro\/logistica\/","url":"https:\/\/ksc.ro\/logistica\/","name":"Logistic\u0103 - KSC","isPartOf":{"@id":"https:\/\/ksc.ro\/#website"},"datePublished":"2019-05-09T07:25:33+00:00","dateModified":"2023-08-10T11:22:06+00:00","breadcrumb":{"@id":"https:\/\/ksc.ro\/logistica\/#breadcrumb"},"inLanguage":"en-GB","potentialAction":[{"@type":"ReadAction","target":["https:\/\/ksc.ro\/logistica\/"]}]},{"@type":"BreadcrumbList","@id":"https:\/\/ksc.ro\/logistica\/#breadcrumb","itemListElement":[{"@type":"ListItem","position":1,"name":"Home","item":"https:\/\/ksc.ro\/"},{"@type":"ListItem","position":2,"name":"Logistic\u0103"}]},{"@type":"WebSite","@id":"https:\/\/ksc.ro\/#website","url":"https:\/\/ksc.ro\/","name":"KSC Transport","description":"in europe with KSC","publisher":{"@id":"https:\/\/ksc.ro\/#organization"},"potentialAction":[{"@type":"SearchAction","target":{"@type":"EntryPoint","urlTemplate":"https:\/\/ksc.ro\/?s={search_term_string}"},"query-input":{"@type":"PropertyValueSpecification","valueRequired":true,"valueName":"search_term_string"}}],"inLanguage":"en-GB"},{"@type":"Organization","@id":"https:\/\/ksc.ro\/#organization","name":"KSC Transport","url":"https:\/\/ksc.ro\/","logo":{"@type":"ImageObject","inLanguage":"en-GB","@id":"https:\/\/ksc.ro\/#\/schema\/logo\/image\/","url":"https:\/\/ksc.ro\/wp-content\/uploads\/logo-ksc.svg","contentUrl":"https:\/\/ksc.ro\/wp-content\/uploads\/logo-ksc.svg","width":425,"height":67,"caption":"KSC Transport"},"image":{"@id":"https:\/\/ksc.ro\/#\/schema\/logo\/image\/"},"sameAs":["https:\/\/www.facebook.com\/KscTransport\/","https:\/\/www.linkedin.com\/company\/ksc-transport\/about\/"]}]}},"jetpack_sharing_enabled":true,"_links":{"self":[{"href":"https:\/\/ksc.ro\/en\/wp-json\/wp\/v2\/pages\/23","targetHints":{"allow":["GET"]}}],"collection":[{"href":"https:\/\/ksc.ro\/en\/wp-json\/wp\/v2\/pages"}],"about":[{"href":"https:\/\/ksc.ro\/en\/wp-json\/wp\/v2\/types\/page"}],"author":[{"embeddable":true,"href":"https:\/\/ksc.ro\/en\/wp-json\/wp\/v2\/users\/1"}],"replies":[{"embeddable":true,"href":"https:\/\/ksc.ro\/en\/wp-json\/wp\/v2\/comments?post=23"}],"version-history":[{"count":6,"href":"https:\/\/ksc.ro\/en\/wp-json\/wp\/v2\/pages\/23\/revisions"}],"predecessor-version":[{"id":1035,"href":"https:\/\/ksc.ro\/en\/wp-json\/wp\/v2\/pages\/23\/revisions\/1035"}],"wp:attachment":[{"href":"https:\/\/ksc.ro\/en\/wp-json\/wp\/v2\/media?parent=23"}],"curies":[{"name":"wp","href":"https:\/\/api.w.org\/{rel}","templated":true}]}}