{"id":20,"date":"2019-04-25T13:05:14","date_gmt":"2019-04-25T13:05:14","guid":{"rendered":"http:\/\/localhost\/yootheme_pro\/2019\/Makai\/Website_WP\/index.php\/contact\/"},"modified":"2023-08-17T17:04:28","modified_gmt":"2023-08-17T14:04:28","slug":"contact","status":"publish","type":"page","link":"https:\/\/ksc.ro\/en\/contact\/","title":{"rendered":"Contact us"},"content":{"rendered":"<p><img decoding=\"async\" src=\"\/wp-content\/uploads\/logo-ksc.svg\" alt=\"\"><\/p>\n<ul>\n<li>\n<h2>Address<\/h2>\n<div>Uzinelor street, Nbr 60<br \/>\n410605 &#8211; Oradea<br \/>\nBihor, Rom\u00e2nia.<\/div>\n<\/li>\n<li>\n<h2>E-Mail Address<\/h2>\n<div><a class=\"uk-link-toggle\" href=\"mailto:iksc@ksc-transport.ro\">ksc@ksc-transport.ro<\/a><\/div>\n<\/li>\n<li>\n<h2>Phone\/Fax<\/h2>\n<div>tel: <a class=\"uk-link-toggle\" href=\"tel:+40259411 319\">+4 0259 411 319<\/a><br \/>fax: +4 0259 411 341<\/div>\n<\/li>\n<li>\n<h2>Socials<\/h2>\n<div>\n<div uk-grid class=\"uk-flex-center uk-flex-left@m uk-child-width-auto uk-grid-medium\">\n<div>\n    <a href=\"https:\/\/www.facebook.com\/KscTransport\/\" target=\"_blank\" uk-icon=\"facebook\"><\/a>\n    <\/div>\n<div>\n    <a href=\"http:\/\/www.instagram.com\" target=\"_blank\" uk-icon=\"instagram\"><\/a>\n    <\/div>\n<div>\n    <a href=\"https:\/\/www.linkedin.com\/company\/ksc-transport\/\" target=\"_blank\" uk-icon=\"linkedin\"><\/a>\n    <\/div>\n<\/div>\n<\/div>\n<\/li>\n<\/ul>\n<p>\n    <a href=\"#Cariere\">Careers and Opportunities<\/a>\n<\/p>\n<div>\n<p>47.0910,21.8908<\/p>\n<h3>KSC Transport<\/h3>\n<\/div>\n<div>Careers, Opportunities<\/div>\n<h1>For our employees, their job is not seen as a duty, for they accumulate lots of information and experience; they are part of an performant and also well paid entity.<br \/>\n<\/h1>\n<ul>\n<li>\n<p>        <img decoding=\"async\" src=\"\/wp-content\/uploads\/lessons-table-02.svg\" alt=\"\"><\/p>\n<h2>KSC TEAM<\/h2>\n<div>Performance is the key word we are looking for and spread away. As a motivation method, we encourage the continual growth, not perfection.\n<\/div>\n<\/li>\n<li>\n<p>        <img decoding=\"async\" src=\"\/wp-content\/uploads\/lessons-table-01.svg\" alt=\"\"><\/p>\n<h2>job opportunities<\/h2>\n<div>KSC provides opportunities for both office and fieldwork.<br \/>\n\u00cen momentul de fa\u021b\u0103, echipa noastr\u0103 num\u0103r\u0103 peste 150 de angaja\u021bi &#8211; \u0219i continu\u0103m s\u0103 cre\u0219tem.<br \/>\nOferim o gam\u0103 larg\u0103 de oportunit\u0103\u021bi de job-uri, de la \u0219ofer de camion, la job-uri de birou, sau de mentenan\u021b\u0103.<\/div>\n<\/li>\n<\/ul>\n<div>Contact a KSC representative today. Discover your future at KSC!<br \/>\nBe part of our team as driver or staff.<\/div>\n<h2>\nSend your resume at:<br \/>ksc@ksc-transport.ro<\/h2>\n<p><!--more--><br \/>\n<!-- {\"name\":\"Contact\",\"type\":\"layout\",\"children\":[{\"type\":\"section\",\"props\":{\"header_transparent\":\"light\",\"header_transparent_noplaceholder\":false,\"height\":\"full\",\"image\":\"wp-content\\\/uploads\\\/contact-hero-bg.jpg\",\"image_effect\":\"parallax\",\"image_parallax_bgy\":\"5vh,-5vh\",\"image_parallax_breakpoint\":\"s\",\"image_parallax_easing\":\"1\",\"image_position\":\"center-center\",\"image_size\":\"cover\",\"image_width\":\"2560\",\"style\":\"default\",\"title_breakpoint\":\"xl\",\"title_position\":\"top-left\",\"title_rotation\":\"left\",\"vertical_align\":\"middle\",\"width\":\"xlarge\"},\"children\":[{\"type\":\"row\",\"props\":{\"column_gap\":\"collapse\",\"layout\":\"1-2,1-2\",\"row_gap\":\"collapse\"},\"children\":[{\"type\":\"column\",\"props\":{\"image_position\":\"center-center\",\"position_sticky_breakpoint\":\"m\",\"style\":\"tile-default\",\"vertical_align\":\"middle\",\"width_medium\":\"1-2\"},\"children\":[{\"type\":\"image\",\"props\":{\"image\":\"wp-content\\\/uploads\\\/logo-ksc.svg\",\"image_svg_color\":\"emphasis\",\"image_svg_inline\":true,\"margin\":\"default\",\"text_align\":\"center\"}},{\"type\":\"grid\",\"props\":{\"block_align\":\"center\",\"block_align_fallback\":\"center\",\"content_column_breakpoint\":\"m\",\"content_margin\":\"small\",\"filter_align\":\"left\",\"filter_all\":true,\"filter_grid_breakpoint\":\"m\",\"filter_grid_width\":\"auto\",\"filter_position\":\"top\",\"filter_style\":\"tab\",\"grid_column_gap\":\"large\",\"grid_default\":\"1\",\"grid_medium\":\"\",\"grid_row_gap\":\"large\",\"grid_small\":\"2\",\"icon_width\":80,\"image_align\":\"top\",\"image_grid_breakpoint\":\"m\",\"image_grid_width\":\"1-2\",\"image_svg_color\":\"emphasis\",\"item_animation\":true,\"link_style\":\"default\",\"link_text\":\"\",\"margin\":\"xlarge\",\"margin_remove_bottom\":false,\"maxwidth\":\"large\",\"meta_align\":\"below-title\",\"meta_element\":\"div\",\"meta_style\":\"text-meta\",\"panel_link\":true,\"parallax_easing\":\"1\",\"show_content\":true,\"show_image\":true,\"show_link\":true,\"show_meta\":true,\"show_title\":true,\"text_align\":\"left\",\"text_align_breakpoint\":\"s\",\"text_align_fallback\":\"center\",\"title_align\":\"top\",\"title_element\":\"h2\",\"title_grid_breakpoint\":\"m\",\"title_grid_width\":\"1-2\",\"title_hover_style\":\"reset\",\"title_style\":\"h5\"},\"children\":[{\"type\":\"grid_item\",\"props\":{\"content\":\"Str. Uzinelor nr. 60<br \/>\\n410605 - Oradea<br \/>\\nBihor, Rom\\u00e2nia.\",\"title\":\"Adres\\u0103\"}},{\"type\":\"grid_item\",\"props\":{\"content\":\"<a class=\\\"uk-link-toggle\\\" href=\\\"mailto:iksc@ksc-transport.ro\\\">ksc@ksc-transport.ro<\\\/a>\",\"title\":\"E-Mail Address\"}},{\"type\":\"grid_item\",\"props\":{\"content\":\"tel: <a class=\\\"uk-link-toggle\\\" href=\\\"tel:+40259411 319\\\">+4 0259 411 319<\\\/a><br \/>fax: +4 0259 411 341\",\"title\":\"Telefon\\\/Fax\"}},{\"type\":\"grid_item\",\"props\":{\"content\":\"\n\n<div uk-grid class=\\\"uk-flex-center uk-flex-left@m uk-child-width-auto uk-grid-medium\\\">\\n    \n\n<div>\\n    <a href=\\\"https:\\\/\\\/www.facebook.com\\\/KscTransport\\\/\\\" target=\\\"_blank\\\" uk-icon=\\\"facebook\\\"><\\\/a>\\n    <\\\/div>\\n    \n\n<div>\\n    <a href=\\\"http:\\\/\\\/www.instagram.com\\\" target=\\\"_blank\\\" uk-icon=\\\"instagram\\\"><\\\/a>\\n    <\\\/div>\\n    \n\n<div>\\n    <a href=\\\"https:\\\/\\\/www.linkedin.com\\\/company\\\/ksc-transport\\\/\\\" target=\\\"_blank\\\" uk-icon=\\\"linkedin\\\"><\\\/a>\\n    <\\\/div>\\n<\\\/div>\",\"title\":\"Socials\"}}]},{\"type\":\"button\",\"props\":{\"fullwidth\":true,\"grid_column_gap\":\"small\",\"grid_row_gap\":\"small\",\"margin\":\"remove-vertical\",\"text_align\":\"center\"},\"children\":[{\"type\":\"button_item\",\"props\":{\"button_style\":\"primary\",\"content\":\"Cariere \\u0219i Oportunit\\u0103\\u021bi\",\"icon\":\"arrow-down\",\"icon_align\":\"left\",\"link\":\"#Cariere\",\"link_title\":\"Cariere\"}}]}]},{\"type\":\"column\",\"props\":{\"image_position\":\"center-center\",\"order_first\":\"m\",\"padding\":\"none\",\"position_sticky_breakpoint\":\"m\",\"style\":\"tile-default\",\"width_medium\":\"1-2\"},\"children\":[{\"type\":\"map\",\"props\":{\"controls\":false,\"dragging\":true,\"height\":\"780\",\"image_svg_color\":\"emphasis\",\"link_style\":\"default\",\"link_text\":\"Read more\",\"margin\":\"\",\"max_zoom\":18,\"meta_align\":\"below-title\",\"meta_element\":\"div\",\"meta_style\":\"text-meta\",\"min_zoom\":0,\"poi\":false,\"show_content\":true,\"show_image\":true,\"show_link\":true,\"show_meta\":true,\"show_title\":true,\"styler_invert_lightness\":false,\"title_element\":\"h3\",\"title_hover_style\":\"reset\",\"type\":\"roadmap\",\"zoom\":\"13\",\"zooming\":false},\"children\":[{\"type\":\"map_item\",\"props\":{\"location\":\"47.0910,21.8908\",\"title\":\"KSC Transport\"}}]}]}]},{\"type\":\"row\",\"children\":[{\"type\":\"column\",\"props\":{\"image_position\":\"center-center\",\"position_sticky_breakpoint\":\"m\",\"width_medium\":\"1-1\"}}]}],\"name\":\"Contact\"},{\"type\":\"section\",\"props\":{\"id\":\"Cariere\",\"image_position\":\"center-center\",\"padding\":\"large\",\"padding_remove_bottom\":false,\"style\":\"default\",\"title_breakpoint\":\"xl\",\"title_position\":\"top-left\",\"title_rotation\":\"left\",\"vertical_align\":\"middle\",\"width\":\"large\"},\"children\":[{\"type\":\"row\",\"children\":[{\"type\":\"column\",\"props\":{\"image_position\":\"center-center\",\"position_sticky_breakpoint\":\"m\",\"width_medium\":\"1-1\"},\"children\":[{\"type\":\"headline\",\"props\":{\"content\":\"Cariere, Oportunit\\u0103\\u021bi\",\"margin\":\"small\",\"text_align\":\"center\",\"title_element\":\"div\",\"title_font_family\":\"tertiary\",\"title_style\":\"heading-medium\"}},{\"type\":\"headline\",\"props\":{\"block_align\":\"center\",\"content\":\"Investim \\u00een resursa uman\\u0103 deoarece aceasta este m\\u00e2na dreapt\\u0103 a companiei.\\n\",\"margin_remove_top\":true,\"maxwidth\":\"2xlarge\",\"text_align\":\"center\",\"title_element\":\"h1\"}},{\"type\":\"grid\",\"props\":{\"content_column_breakpoint\":\"m\",\"filter_align\":\"left\",\"filter_all\":true,\"filter_grid_breakpoint\":\"m\",\"filter_grid_width\":\"auto\",\"filter_position\":\"top\",\"filter_style\":\"tab\",\"grid_default\":\"1\",\"grid_medium\":\"\",\"grid_small\":\"2\",\"icon_width\":80,\"image_align\":\"top\",\"image_grid_breakpoint\":\"m\",\"image_grid_width\":\"1-2\",\"image_svg_color\":\"primary\",\"image_svg_inline\":true,\"image_width\":\"60\",\"item_animation\":true,\"link_style\":\"default\",\"link_text\":\"Read more\",\"margin\":\"large\",\"meta_align\":\"below-title\",\"meta_element\":\"div\",\"meta_style\":\"text-meta\",\"panel_padding\":\"default\",\"panel_style\":\"card-default\",\"parallax_easing\":\"1\",\"show_content\":true,\"show_image\":true,\"show_link\":true,\"show_meta\":true,\"show_title\":true,\"text_align\":\"center\",\"title_align\":\"top\",\"title_element\":\"h2\",\"title_grid_breakpoint\":\"m\",\"title_grid_width\":\"1-2\",\"title_hover_style\":\"reset\",\"title_style\":\"h5\"},\"children\":[{\"type\":\"grid_item\",\"props\":{\"content\":\"Suntem un colectiv t\\u00e2n\\u0103r care apreciaz\\u0103 munca, dezvoltarea permanent\\u0103 \\u0219i valorile colegiale \\u0219i umane dup\\u0103 care ne ghid\\u0103m \\u00eentreaga existen\\u021b\\u0103 profesional\\u0103, aici la KSC.\\n\",\"image\":\"wp-content\\\/uploads\\\/lessons-table-02.svg\",\"title\":\"ECHIPA KSC\"}},{\"type\":\"grid_item\",\"props\":{\"content\":\"KSC ofer\\u0103 oportunit\\u0103\\u021bi at\\u00e2t pentru munca de teren, c\\u00e2t \\u0219i pentru cea de birou.<br \/>\\n\\u00cen momentul de fa\\u021b\\u0103, echipa noastr\\u0103 num\\u0103r\\u0103 peste 150 de angaja\\u021bi - \\u0219i continu\\u0103m s\\u0103 cre\\u0219tem.\\nOferim o gam\\u0103 larg\\u0103 de oportunit\\u0103\\u021bi de job-uri, de la \\u0219ofer de camion, la job-uri de birou, sau de mentenan\\u021b\\u0103.\",\"image\":\"wp-content\\\/uploads\\\/lessons-table-01.svg\",\"title\":\"oportunit\\u0103\\u021bi de job-uri\"}}]},{\"type\":\"text\",\"props\":{\"block_align\":\"center\",\"column_breakpoint\":\"m\",\"content\":\"Contacta\\u021bi reprezentan\\u021bii no\\u0219tri pentru mai multe detalii. Descoper\\u0103 azi c\\u00e2t de incitant poate fi viitorul t\\u0103u la KSC!<br \/>\\nF\\u0103 parte din echipa noastr\\u0103 ca \\u0219ofer de camion, sau \\u00een departamentele office ori mentenan\\u021b\\u0103.\",\"margin\":\"default\",\"maxwidth\":\"2xlarge\",\"text_align\":\"center\"}},{\"type\":\"headline\",\"props\":{\"block_align\":\"center\",\"content\":\"\\nA\\u0219tept\\u0103m CV-urile voastre la adresa:<br \/>ksc@ksc-transport.ro\",\"margin_remove_top\":true,\"maxwidth\":\"2xlarge\",\"text_align\":\"center\",\"title_element\":\"h2\",\"title_style\":\"h2\"}}]}]}],\"name\":\"Cariere\"}],\"version\":\"4.0.10\"} --><\/p>","protected":false},"excerpt":{"rendered":"<p>Adres\u0103 Str. Uzinelor nr. 60 410605 &#8211; Oradea Bihor, Rom\u00e2nia. E-Mail Address ksc@ksc-transport.ro Telefon\/Fax tel: +4 0259 411 319fax: +4 0259 411 341 Socials Cariere \u0219i Oportunit\u0103\u021bi 47.0910,21.8908 KSC Transport Cariere, Oportunit\u0103\u021bi Investim \u00een resursa uman\u0103 deoarece aceasta este m\u00e2na dreapt\u0103 a companiei. ECHIPA KSC Suntem un colectiv t\u00e2n\u0103r care apreciaz\u0103 munca, dezvoltarea permanent\u0103 \u0219i [&hellip;]<\/p>","protected":false},"author":1,"featured_media":0,"parent":0,"menu_order":3,"comment_status":"closed","ping_status":"closed","template":"","meta":{"footnotes":""},"class_list":["post-20","page","type-page","status-publish","hentry"],"yoast_head":"<!-- This site is optimized with the Yoast SEO plugin v26.1.1 - https:\/\/yoast.com\/wordpress\/plugins\/seo\/ -->\n<title>Contact - KSC<\/title>\n<meta name=\"robots\" content=\"index, follow, max-snippet:-1, max-image-preview:large, max-video-preview:-1\" \/>\n<link rel=\"canonical\" href=\"https:\/\/ksc.ro\/en\/contact\/\" \/>\n<meta property=\"og:locale\" content=\"en_GB\" \/>\n<meta property=\"og:type\" content=\"article\" \/>\n<meta property=\"og:title\" content=\"Contact - KSC\" \/>\n<meta property=\"og:description\" content=\"Adres\u0103 Str. Uzinelor nr. 60 410605 &#8211; Oradea Bihor, Rom\u00e2nia. E-Mail Address ksc@ksc-transport.ro Telefon\/Fax tel: +4 0259 411 319fax: +4 0259 411 341 Socials Cariere \u0219i Oportunit\u0103\u021bi 47.0910,21.8908 KSC Transport Cariere, Oportunit\u0103\u021bi Investim \u00een resursa uman\u0103 deoarece aceasta este m\u00e2na dreapt\u0103 a companiei. ECHIPA KSC Suntem un colectiv t\u00e2n\u0103r care apreciaz\u0103 munca, dezvoltarea permanent\u0103 \u0219i [&hellip;]\" \/>\n<meta property=\"og:url\" content=\"https:\/\/ksc.ro\/en\/contact\/\" \/>\n<meta property=\"og:site_name\" content=\"KSC\" \/>\n<meta property=\"article:publisher\" content=\"https:\/\/www.facebook.com\/KscTransport\/\" \/>\n<meta property=\"article:modified_time\" content=\"2023-08-17T14:04:28+00:00\" \/>\n<meta name=\"twitter:card\" content=\"summary_large_image\" \/>\n<meta name=\"twitter:label1\" content=\"Estimated reading time\" \/>\n\t<meta name=\"twitter:data1\" content=\"1 minute\" \/>\n<script type=\"application\/ld+json\" class=\"yoast-schema-graph\">{\"@context\":\"https:\/\/schema.org\",\"@graph\":[{\"@type\":\"WebPage\",\"@id\":\"https:\/\/ksc.ro\/contact\/\",\"url\":\"https:\/\/ksc.ro\/contact\/\",\"name\":\"Contact - KSC\",\"isPartOf\":{\"@id\":\"https:\/\/ksc.ro\/#website\"},\"datePublished\":\"2019-04-25T13:05:14+00:00\",\"dateModified\":\"2023-08-17T14:04:28+00:00\",\"breadcrumb\":{\"@id\":\"https:\/\/ksc.ro\/contact\/#breadcrumb\"},\"inLanguage\":\"en-GB\",\"potentialAction\":[{\"@type\":\"ReadAction\",\"target\":[\"https:\/\/ksc.ro\/contact\/\"]}]},{\"@type\":\"BreadcrumbList\",\"@id\":\"https:\/\/ksc.ro\/contact\/#breadcrumb\",\"itemListElement\":[{\"@type\":\"ListItem\",\"position\":1,\"name\":\"Home\",\"item\":\"https:\/\/ksc.ro\/\"},{\"@type\":\"ListItem\",\"position\":2,\"name\":\"Contact\"}]},{\"@type\":\"WebSite\",\"@id\":\"https:\/\/ksc.ro\/#website\",\"url\":\"https:\/\/ksc.ro\/\",\"name\":\"KSC Transport\",\"description\":\"in europe with KSC\",\"publisher\":{\"@id\":\"https:\/\/ksc.ro\/#organization\"},\"potentialAction\":[{\"@type\":\"SearchAction\",\"target\":{\"@type\":\"EntryPoint\",\"urlTemplate\":\"https:\/\/ksc.ro\/?s={search_term_string}\"},\"query-input\":{\"@type\":\"PropertyValueSpecification\",\"valueRequired\":true,\"valueName\":\"search_term_string\"}}],\"inLanguage\":\"en-GB\"},{\"@type\":\"Organization\",\"@id\":\"https:\/\/ksc.ro\/#organization\",\"name\":\"KSC Transport\",\"url\":\"https:\/\/ksc.ro\/\",\"logo\":{\"@type\":\"ImageObject\",\"inLanguage\":\"en-GB\",\"@id\":\"https:\/\/ksc.ro\/#\/schema\/logo\/image\/\",\"url\":\"https:\/\/ksc.ro\/wp-content\/uploads\/logo-ksc.svg\",\"contentUrl\":\"https:\/\/ksc.ro\/wp-content\/uploads\/logo-ksc.svg\",\"width\":425,\"height\":67,\"caption\":\"KSC Transport\"},\"image\":{\"@id\":\"https:\/\/ksc.ro\/#\/schema\/logo\/image\/\"},\"sameAs\":[\"https:\/\/www.facebook.com\/KscTransport\/\",\"https:\/\/www.linkedin.com\/company\/ksc-transport\/about\/\"]}]}<\/script>\n<!-- \/ Yoast SEO plugin. -->","yoast_head_json":{"title":"Contact - KSC","robots":{"index":"index","follow":"follow","max-snippet":"max-snippet:-1","max-image-preview":"max-image-preview:large","max-video-preview":"max-video-preview:-1"},"canonical":"https:\/\/ksc.ro\/en\/contact\/","og_locale":"en_GB","og_type":"article","og_title":"Contact - KSC","og_description":"Adres\u0103 Str. Uzinelor nr. 60 410605 &#8211; Oradea Bihor, Rom\u00e2nia. E-Mail Address ksc@ksc-transport.ro Telefon\/Fax tel: +4 0259 411 319fax: +4 0259 411 341 Socials Cariere \u0219i Oportunit\u0103\u021bi 47.0910,21.8908 KSC Transport Cariere, Oportunit\u0103\u021bi Investim \u00een resursa uman\u0103 deoarece aceasta este m\u00e2na dreapt\u0103 a companiei. ECHIPA KSC Suntem un colectiv t\u00e2n\u0103r care apreciaz\u0103 munca, dezvoltarea permanent\u0103 \u0219i [&hellip;]","og_url":"https:\/\/ksc.ro\/en\/contact\/","og_site_name":"KSC","article_publisher":"https:\/\/www.facebook.com\/KscTransport\/","article_modified_time":"2023-08-17T14:04:28+00:00","twitter_card":"summary_large_image","twitter_misc":{"Estimated reading time":"1 minute"},"schema":{"@context":"https:\/\/schema.org","@graph":[{"@type":"WebPage","@id":"https:\/\/ksc.ro\/contact\/","url":"https:\/\/ksc.ro\/contact\/","name":"Contact - KSC","isPartOf":{"@id":"https:\/\/ksc.ro\/#website"},"datePublished":"2019-04-25T13:05:14+00:00","dateModified":"2023-08-17T14:04:28+00:00","breadcrumb":{"@id":"https:\/\/ksc.ro\/contact\/#breadcrumb"},"inLanguage":"en-GB","potentialAction":[{"@type":"ReadAction","target":["https:\/\/ksc.ro\/contact\/"]}]},{"@type":"BreadcrumbList","@id":"https:\/\/ksc.ro\/contact\/#breadcrumb","itemListElement":[{"@type":"ListItem","position":1,"name":"Home","item":"https:\/\/ksc.ro\/"},{"@type":"ListItem","position":2,"name":"Contact"}]},{"@type":"WebSite","@id":"https:\/\/ksc.ro\/#website","url":"https:\/\/ksc.ro\/","name":"KSC Transport","description":"in europe with KSC","publisher":{"@id":"https:\/\/ksc.ro\/#organization"},"potentialAction":[{"@type":"SearchAction","target":{"@type":"EntryPoint","urlTemplate":"https:\/\/ksc.ro\/?s={search_term_string}"},"query-input":{"@type":"PropertyValueSpecification","valueRequired":true,"valueName":"search_term_string"}}],"inLanguage":"en-GB"},{"@type":"Organization","@id":"https:\/\/ksc.ro\/#organization","name":"KSC Transport","url":"https:\/\/ksc.ro\/","logo":{"@type":"ImageObject","inLanguage":"en-GB","@id":"https:\/\/ksc.ro\/#\/schema\/logo\/image\/","url":"https:\/\/ksc.ro\/wp-content\/uploads\/logo-ksc.svg","contentUrl":"https:\/\/ksc.ro\/wp-content\/uploads\/logo-ksc.svg","width":425,"height":67,"caption":"KSC Transport"},"image":{"@id":"https:\/\/ksc.ro\/#\/schema\/logo\/image\/"},"sameAs":["https:\/\/www.facebook.com\/KscTransport\/","https:\/\/www.linkedin.com\/company\/ksc-transport\/about\/"]}]}},"jetpack_sharing_enabled":true,"_links":{"self":[{"href":"https:\/\/ksc.ro\/en\/wp-json\/wp\/v2\/pages\/20","targetHints":{"allow":["GET"]}}],"collection":[{"href":"https:\/\/ksc.ro\/en\/wp-json\/wp\/v2\/pages"}],"about":[{"href":"https:\/\/ksc.ro\/en\/wp-json\/wp\/v2\/types\/page"}],"author":[{"embeddable":true,"href":"https:\/\/ksc.ro\/en\/wp-json\/wp\/v2\/users\/1"}],"replies":[{"embeddable":true,"href":"https:\/\/ksc.ro\/en\/wp-json\/wp\/v2\/comments?post=20"}],"version-history":[{"count":6,"href":"https:\/\/ksc.ro\/en\/wp-json\/wp\/v2\/pages\/20\/revisions"}],"predecessor-version":[{"id":1117,"href":"https:\/\/ksc.ro\/en\/wp-json\/wp\/v2\/pages\/20\/revisions\/1117"}],"wp:attachment":[{"href":"https:\/\/ksc.ro\/en\/wp-json\/wp\/v2\/media?parent=20"}],"curies":[{"name":"wp","href":"https:\/\/api.w.org\/{rel}","templated":true}]}}