{"id":19,"date":"2019-04-25T13:05:14","date_gmt":"2019-04-25T10:05:14","guid":{"rendered":"http:\/\/localhost\/yootheme_pro\/2019\/Makai\/Website_WP\/index.php\/surf-lessons\/"},"modified":"2023-08-10T14:09:26","modified_gmt":"2023-08-10T11:09:26","slug":"transport","status":"publish","type":"page","link":"https:\/\/ksc.ro\/en\/transport\/","title":{"rendered":"Transport"},"content":{"rendered":"<h1>Transport services<\/h1>\n<h3>KSC Transport was created to meet the growing demands of the European market and companies present here.<br \/>\n<\/h3>\n<div>KSC is a dynamic network of partners, affiliates, and own resources that ensures availability of services across the continent. KSC's expertise in the transport and shipping sector adds value to our partners, ensuring timely and secure delivery.\n<\/div>\n<h3>Road transport \u2013 throughout Europe<br \/>\n<\/h3>\n<div>On request, we offer groupage, partial load, or full load services. We are a reliable road transport provider \u2013 our partner network is the guarantee that every load is delivered directly to its destination in a professional manner.<\/p>\n<\/div>\n<ul>\n<li>\n<div>Full \/ partial load\n<\/div>\n<\/li>\n<li>\n<div>Trustworhty partner\n<\/div>\n<\/li>\n<\/ul>\n<h3>Intermodal \u2013 We offer rail transport services<br \/>\n<\/h3>\n<div>Being committed to our customers' needs in terms of services and intermodal transport, KSC team provides customers with significant benefits.<\/p>\n<\/div>\n<ul>\n<li>\n<div>Railway services\n<\/div>\n<\/li>\n<li>\n<div>Competitive and reliable services\n<\/div>\n<\/li>\n<\/ul>\n<h3>Industry Solutions \u2013 We serve clients from different fields of activity<br \/>\n<\/h3>\n<div>Transport services cover a broad geographical area and serve customers in different areas of activity:<\/p>\n<\/div>\n<ul>\n<li>\n<div>Textile industry\n<\/div>\n<\/li>\n<li>\n<div>Steel pipe and tubular products<\/div>\n<\/li>\n<li>\n<div>Agriculture\n<\/div>\n<\/li>\n<li>\n<div>Lumber and wood products\n<\/div>\n<\/li>\n<li>\n<div>Consumer goods\n<\/div>\n<\/li>\n<li>\n<div>Electronics and home appliances\n<\/div>\n<\/li>\n<\/ul>\n<hr>\n<h6>Customisation of services provided by KSC is one of the key priorities, in order to adapt to rapidly changing market requirements.<br \/>\n<\/h6>\n<p><!--more--><br \/>\n<!-- {\"name\":\"Subcontractan\\u0163i\",\"type\":\"layout\",\"children\":[{\"name\":\"Hero\",\"type\":\"section\",\"props\":{\"header_transparent\":\"light\",\"header_transparent_noplaceholder\":true,\"image\":\"wp-content\\\/uploads\\\/colaboratori-hero.jpg\",\"image_position\":\"center-center\",\"image_size\":\"cover\",\"media_overlay\":\"rgba(0, 0, 0, 0.48)\",\"padding\":\"xlarge\",\"padding_remove_top\":false,\"style\":\"default\",\"title_breakpoint\":\"xl\",\"title_position\":\"top-left\",\"title_rotation\":\"left\",\"vertical_align\":\"\",\"width\":\"\"},\"children\":[{\"type\":\"row\",\"children\":[{\"type\":\"column\",\"props\":{\"image_position\":\"center-center\",\"position_sticky_breakpoint\":\"m\",\"width_medium\":\"1-1\"}}]}]},{\"name\":\"Terms\",\"type\":\"section\",\"props\":{\"image_position\":\"center-center\",\"style\":\"default\",\"title_breakpoint\":\"xl\",\"title_position\":\"top-left\",\"title_rotation\":\"left\",\"vertical_align\":\"\",\"width\":\"small\"},\"children\":[{\"type\":\"row\",\"children\":[{\"type\":\"column\",\"props\":{\"image_position\":\"center-center\",\"position_sticky_breakpoint\":\"m\",\"width_medium\":\"1-1\"},\"children\":[{\"type\":\"headline\",\"props\":{\"content\":\"Servicii de transport\",\"margin_remove_bottom\":false,\"margin_remove_top\":true,\"title_element\":\"h1\",\"title_font_family\":\"tertiary\",\"title_style\":\"heading-medium\"}},{\"type\":\"headline\",\"props\":{\"content\":\"Re\\u021beaua KSC Transport a fost creat\\u0103 pentru a r\\u0103spunde pie\\u021bei europene \\u00een cre\\u0219tere \\u0219i a companiilor prezente aici.\\n\",\"margin_remove_top\":true,\"title_element\":\"h3\"}}]}]},{\"type\":\"row\",\"props\":{\"margin\":\"default\",\"margin_remove_top\":false},\"children\":[{\"type\":\"column\",\"props\":{\"image_position\":\"center-center\",\"position_sticky_breakpoint\":\"m\",\"width_medium\":\"1-1\"},\"children\":[{\"type\":\"text\",\"props\":{\"column_breakpoint\":\"m\",\"content\":\"O re\\u021bea dinamic\\u0103 de parteneri, afilia\\u021bi, \\u0219i resurse proprii asigur\\u0103 disponibilitatea serviciilor KSC pe \\u00eentregul continent. Expertiza KSC \\u00een transport \\u0219i \\u00een sectorul de expediere adaug\\u0103 valoare partenerilor no\\u0219tri, asigur\\u00e2nd o livrare rapid\\u0103, prompt\\u0103 \\u0219i sigur\\u0103.\\n\",\"margin\":\"default\"}},{\"name\":\"Transport rutier\",\"type\":\"headline\",\"props\":{\"content\":\"Transport rutier - pe tot teritoriul Europei\\n\",\"title_element\":\"h3\"}},{\"type\":\"text\",\"props\":{\"column_breakpoint\":\"m\",\"content\":\"La cerere, oferim servicii \\u00een regim de grupaj, \\u00eenc\\u0103rc\\u0103tur\\u0103 par\\u021bial\\u0103, sau \\u00eenc\\u0103rc\\u0103tur\\u0103 complet\\u0103. Suntem un furnizor de transport rutier de \\u00eencredere - re\\u021beaua noastr\\u0103 de parteneri este garan\\u021bia c\\u0103 fiecare \\u00eenc\\u0103rc\\u0103tur\\u0103 este livrat\\u0103 direct la destina\\u021bie \\u00eentr-un mod profesionist.\\n\\n\",\"margin\":\"default\"}},{\"type\":\"list\",\"props\":{\"block_align\":\"right\",\"column_breakpoint\":\"m\",\"icon\":\"check\",\"image_align\":\"left\",\"image_svg_color\":\"emphasis\",\"image_vertical_align\":true,\"list_element\":\"ul\",\"list_horizontal_separator\":\", \",\"list_type\":\"vertical\",\"margin\":\"medium\",\"show_image\":true,\"show_link\":true},\"children\":[{\"type\":\"list_item\",\"props\":{\"content\":\"\\u00cenc\\u0103rc\\u0103tur\\u0103 par\\u021bial\\u0103 \\\/ complet\\u0103\\n\"}},{\"type\":\"list_item\",\"props\":{\"content\":\"Transport rutier de \\u00eencredere\\n\"}}]}]}]},{\"type\":\"row\",\"props\":{\"margin\":\"large\"},\"children\":[{\"type\":\"column\",\"props\":{\"image_position\":\"center-center\",\"position_sticky_breakpoint\":\"m\",\"width_medium\":\"1-1\"},\"children\":[{\"name\":\"Intermodal\",\"type\":\"headline\",\"props\":{\"content\":\"Intermodal - Oferim servicii de transport feroviar\\n\",\"title_element\":\"h3\"}},{\"type\":\"text\",\"props\":{\"column_breakpoint\":\"m\",\"content\":\"Fiind dedica\\u021bi, deopotriv\\u0103, nevoilor clien\\u021bilor no\\u0219tri \\u00een ceea ce prive\\u0219te \\u0219i serviciile de transport intermodal. Echipa KSC asigur\\u0103 clien\\u021bilor beneficii semnificative prin servicii competitive \\u0219i de \\u00eencredere.\\n\\n\",\"margin\":\"default\"}},{\"type\":\"list\",\"props\":{\"block_align\":\"right\",\"column_breakpoint\":\"m\",\"icon\":\"check\",\"image_align\":\"left\",\"image_svg_color\":\"emphasis\",\"image_vertical_align\":true,\"list_element\":\"ul\",\"list_horizontal_separator\":\", \",\"list_type\":\"vertical\",\"margin\":\"medium\",\"show_image\":true,\"show_link\":true},\"children\":[{\"type\":\"list_item\",\"props\":{\"content\":\"Servicii de transport feroviar\\n\"}},{\"type\":\"list_item\",\"props\":{\"content\":\"Servicii competitive \\u0219i de \\u00eencredere\\n\"}}]}]}]},{\"type\":\"row\",\"props\":{\"margin\":\"large\"},\"children\":[{\"type\":\"column\",\"props\":{\"image_position\":\"center-center\",\"position_sticky_breakpoint\":\"m\",\"width_medium\":\"1-1\"},\"children\":[{\"name\":\"Solu\\u021bii pentru industrie\",\"type\":\"headline\",\"props\":{\"content\":\"Solu\\u021bii pentru industrie - Servim clien\\u021bi din domenii diferite de activitate\\n\",\"title_element\":\"h3\"}},{\"type\":\"text\",\"props\":{\"column_breakpoint\":\"m\",\"content\":\"Asigur\\u0103m transport pe o arie geografic\\u0103 extins\\u0103 \\u0219i servim clien\\u021bi din domenii diferite de activitate:\\n\\n\\n\",\"margin\":\"default\"}},{\"type\":\"list\",\"props\":{\"block_align\":\"right\",\"column_breakpoint\":\"m\",\"icon\":\"check\",\"image_align\":\"left\",\"image_svg_color\":\"emphasis\",\"image_vertical_align\":true,\"list_element\":\"ul\",\"list_horizontal_separator\":\", \",\"list_type\":\"vertical\",\"margin\":\"medium\",\"show_image\":true,\"show_link\":true},\"children\":[{\"type\":\"list_item\",\"props\":{\"content\":\"Industrie textil\\u0103\\n\"}},{\"type\":\"list_item\",\"props\":{\"content\":\"Conducte de o\\u021bel \\u0219i produse tubulare\"}},{\"type\":\"list_item\",\"props\":{\"content\":\"Agricultur\\u0103\\n\"}},{\"type\":\"list_item\",\"props\":{\"content\":\"Cherestea \\u0219i produse din lemn\\n\"}},{\"type\":\"list_item\",\"props\":{\"content\":\"Bunuri de larg consum\\n\"}},{\"type\":\"list_item\",\"props\":{\"content\":\"Produse electronice \\u0219i electrocasnice\\n\"}}]}]}]},{\"type\":\"row\",\"props\":{\"margin\":\"large\"},\"children\":[{\"type\":\"column\",\"props\":{\"image_position\":\"center-center\",\"position_sticky_breakpoint\":\"m\",\"width_medium\":\"1-1\"},\"children\":[{\"type\":\"divider\",\"props\":{\"block_align\":\"center\",\"divider_element\":\"hr\",\"divider_style\":\"icon\",\"maxwidth\":\"xlarge\"}},{\"type\":\"headline\",\"props\":{\"content\":\"Individualizarea \\u0219i personalizarea serviciilor oferite de KSC reprezint\\u0103 unul dintre punctele esen\\u021biale din lista priorit\\u0103\\u021bilor privind capacitatea, adaptabilitatea \\u0219i actualizarea companiei la cerin\\u021bele pie\\u021bei aflat\\u0103 \\u00een permanent\\u0103 schimbare.\\n\",\"title_element\":\"h6\",\"title_style\":\"h5\"}}]}]}]}],\"version\":\"4.0.9\"} --><\/p>","protected":false},"excerpt":{"rendered":"<p>Servicii de transport Re\u021beaua KSC Transport a fost creat\u0103 pentru a r\u0103spunde pie\u021bei europene \u00een cre\u0219tere \u0219i a companiilor prezente aici. O re\u021bea dinamic\u0103 de parteneri, afilia\u021bi, \u0219i resurse proprii asigur\u0103 disponibilitatea serviciilor KSC pe \u00eentregul continent. Expertiza KSC \u00een transport \u0219i \u00een sectorul de expediere adaug\u0103 valoare partenerilor no\u0219tri, asigur\u00e2nd o livrare rapid\u0103, prompt\u0103 [&hellip;]<\/p>","protected":false},"author":1,"featured_media":0,"parent":0,"menu_order":2,"comment_status":"closed","ping_status":"closed","template":"","meta":{"footnotes":""},"class_list":["post-19","page","type-page","status-publish","hentry"],"yoast_head":"<!-- This site is optimized with the Yoast SEO plugin v26.1.1 - https:\/\/yoast.com\/wordpress\/plugins\/seo\/ -->\n<title>Transport - KSC<\/title>\n<meta name=\"robots\" content=\"index, follow, max-snippet:-1, max-image-preview:large, max-video-preview:-1\" \/>\n<link rel=\"canonical\" href=\"https:\/\/ksc.ro\/en\/transport\/\" \/>\n<meta property=\"og:locale\" content=\"en_GB\" \/>\n<meta property=\"og:type\" content=\"article\" \/>\n<meta property=\"og:title\" content=\"Transport - KSC\" \/>\n<meta property=\"og:description\" content=\"Servicii de transport Re\u021beaua KSC Transport a fost creat\u0103 pentru a r\u0103spunde pie\u021bei europene \u00een cre\u0219tere \u0219i a companiilor prezente aici. O re\u021bea dinamic\u0103 de parteneri, afilia\u021bi, \u0219i resurse proprii asigur\u0103 disponibilitatea serviciilor KSC pe \u00eentregul continent. Expertiza KSC \u00een transport \u0219i \u00een sectorul de expediere adaug\u0103 valoare partenerilor no\u0219tri, asigur\u00e2nd o livrare rapid\u0103, prompt\u0103 [&hellip;]\" \/>\n<meta property=\"og:url\" content=\"https:\/\/ksc.ro\/en\/transport\/\" \/>\n<meta property=\"og:site_name\" content=\"KSC\" \/>\n<meta property=\"article:publisher\" content=\"https:\/\/www.facebook.com\/KscTransport\/\" \/>\n<meta property=\"article:modified_time\" content=\"2023-08-10T11:09:26+00:00\" \/>\n<meta name=\"twitter:card\" content=\"summary_large_image\" \/>\n<meta name=\"twitter:label1\" content=\"Estimated reading time\" \/>\n\t<meta name=\"twitter:data1\" content=\"1 minute\" \/>\n<script type=\"application\/ld+json\" class=\"yoast-schema-graph\">{\"@context\":\"https:\/\/schema.org\",\"@graph\":[{\"@type\":\"WebPage\",\"@id\":\"https:\/\/ksc.ro\/transport\/\",\"url\":\"https:\/\/ksc.ro\/transport\/\",\"name\":\"Transport - KSC\",\"isPartOf\":{\"@id\":\"https:\/\/ksc.ro\/#website\"},\"datePublished\":\"2019-04-25T10:05:14+00:00\",\"dateModified\":\"2023-08-10T11:09:26+00:00\",\"breadcrumb\":{\"@id\":\"https:\/\/ksc.ro\/transport\/#breadcrumb\"},\"inLanguage\":\"en-GB\",\"potentialAction\":[{\"@type\":\"ReadAction\",\"target\":[\"https:\/\/ksc.ro\/transport\/\"]}]},{\"@type\":\"BreadcrumbList\",\"@id\":\"https:\/\/ksc.ro\/transport\/#breadcrumb\",\"itemListElement\":[{\"@type\":\"ListItem\",\"position\":1,\"name\":\"Home\",\"item\":\"https:\/\/ksc.ro\/\"},{\"@type\":\"ListItem\",\"position\":2,\"name\":\"Transport\"}]},{\"@type\":\"WebSite\",\"@id\":\"https:\/\/ksc.ro\/#website\",\"url\":\"https:\/\/ksc.ro\/\",\"name\":\"KSC Transport\",\"description\":\"in europe with KSC\",\"publisher\":{\"@id\":\"https:\/\/ksc.ro\/#organization\"},\"potentialAction\":[{\"@type\":\"SearchAction\",\"target\":{\"@type\":\"EntryPoint\",\"urlTemplate\":\"https:\/\/ksc.ro\/?s={search_term_string}\"},\"query-input\":{\"@type\":\"PropertyValueSpecification\",\"valueRequired\":true,\"valueName\":\"search_term_string\"}}],\"inLanguage\":\"en-GB\"},{\"@type\":\"Organization\",\"@id\":\"https:\/\/ksc.ro\/#organization\",\"name\":\"KSC Transport\",\"url\":\"https:\/\/ksc.ro\/\",\"logo\":{\"@type\":\"ImageObject\",\"inLanguage\":\"en-GB\",\"@id\":\"https:\/\/ksc.ro\/#\/schema\/logo\/image\/\",\"url\":\"https:\/\/ksc.ro\/wp-content\/uploads\/logo-ksc.svg\",\"contentUrl\":\"https:\/\/ksc.ro\/wp-content\/uploads\/logo-ksc.svg\",\"width\":425,\"height\":67,\"caption\":\"KSC Transport\"},\"image\":{\"@id\":\"https:\/\/ksc.ro\/#\/schema\/logo\/image\/\"},\"sameAs\":[\"https:\/\/www.facebook.com\/KscTransport\/\",\"https:\/\/www.linkedin.com\/company\/ksc-transport\/about\/\"]}]}<\/script>\n<!-- \/ Yoast SEO plugin. -->","yoast_head_json":{"title":"Transport - KSC","robots":{"index":"index","follow":"follow","max-snippet":"max-snippet:-1","max-image-preview":"max-image-preview:large","max-video-preview":"max-video-preview:-1"},"canonical":"https:\/\/ksc.ro\/en\/transport\/","og_locale":"en_GB","og_type":"article","og_title":"Transport - KSC","og_description":"Servicii de transport Re\u021beaua KSC Transport a fost creat\u0103 pentru a r\u0103spunde pie\u021bei europene \u00een cre\u0219tere \u0219i a companiilor prezente aici. O re\u021bea dinamic\u0103 de parteneri, afilia\u021bi, \u0219i resurse proprii asigur\u0103 disponibilitatea serviciilor KSC pe \u00eentregul continent. Expertiza KSC \u00een transport \u0219i \u00een sectorul de expediere adaug\u0103 valoare partenerilor no\u0219tri, asigur\u00e2nd o livrare rapid\u0103, prompt\u0103 [&hellip;]","og_url":"https:\/\/ksc.ro\/en\/transport\/","og_site_name":"KSC","article_publisher":"https:\/\/www.facebook.com\/KscTransport\/","article_modified_time":"2023-08-10T11:09:26+00:00","twitter_card":"summary_large_image","twitter_misc":{"Estimated reading time":"1 minute"},"schema":{"@context":"https:\/\/schema.org","@graph":[{"@type":"WebPage","@id":"https:\/\/ksc.ro\/transport\/","url":"https:\/\/ksc.ro\/transport\/","name":"Transport - KSC","isPartOf":{"@id":"https:\/\/ksc.ro\/#website"},"datePublished":"2019-04-25T10:05:14+00:00","dateModified":"2023-08-10T11:09:26+00:00","breadcrumb":{"@id":"https:\/\/ksc.ro\/transport\/#breadcrumb"},"inLanguage":"en-GB","potentialAction":[{"@type":"ReadAction","target":["https:\/\/ksc.ro\/transport\/"]}]},{"@type":"BreadcrumbList","@id":"https:\/\/ksc.ro\/transport\/#breadcrumb","itemListElement":[{"@type":"ListItem","position":1,"name":"Home","item":"https:\/\/ksc.ro\/"},{"@type":"ListItem","position":2,"name":"Transport"}]},{"@type":"WebSite","@id":"https:\/\/ksc.ro\/#website","url":"https:\/\/ksc.ro\/","name":"KSC Transport","description":"in europe with KSC","publisher":{"@id":"https:\/\/ksc.ro\/#organization"},"potentialAction":[{"@type":"SearchAction","target":{"@type":"EntryPoint","urlTemplate":"https:\/\/ksc.ro\/?s={search_term_string}"},"query-input":{"@type":"PropertyValueSpecification","valueRequired":true,"valueName":"search_term_string"}}],"inLanguage":"en-GB"},{"@type":"Organization","@id":"https:\/\/ksc.ro\/#organization","name":"KSC Transport","url":"https:\/\/ksc.ro\/","logo":{"@type":"ImageObject","inLanguage":"en-GB","@id":"https:\/\/ksc.ro\/#\/schema\/logo\/image\/","url":"https:\/\/ksc.ro\/wp-content\/uploads\/logo-ksc.svg","contentUrl":"https:\/\/ksc.ro\/wp-content\/uploads\/logo-ksc.svg","width":425,"height":67,"caption":"KSC Transport"},"image":{"@id":"https:\/\/ksc.ro\/#\/schema\/logo\/image\/"},"sameAs":["https:\/\/www.facebook.com\/KscTransport\/","https:\/\/www.linkedin.com\/company\/ksc-transport\/about\/"]}]}},"jetpack_sharing_enabled":true,"_links":{"self":[{"href":"https:\/\/ksc.ro\/en\/wp-json\/wp\/v2\/pages\/19","targetHints":{"allow":["GET"]}}],"collection":[{"href":"https:\/\/ksc.ro\/en\/wp-json\/wp\/v2\/pages"}],"about":[{"href":"https:\/\/ksc.ro\/en\/wp-json\/wp\/v2\/types\/page"}],"author":[{"embeddable":true,"href":"https:\/\/ksc.ro\/en\/wp-json\/wp\/v2\/users\/1"}],"replies":[{"embeddable":true,"href":"https:\/\/ksc.ro\/en\/wp-json\/wp\/v2\/comments?post=19"}],"version-history":[{"count":4,"href":"https:\/\/ksc.ro\/en\/wp-json\/wp\/v2\/pages\/19\/revisions"}],"predecessor-version":[{"id":1030,"href":"https:\/\/ksc.ro\/en\/wp-json\/wp\/v2\/pages\/19\/revisions\/1030"}],"wp:attachment":[{"href":"https:\/\/ksc.ro\/en\/wp-json\/wp\/v2\/media?parent=19"}],"curies":[{"name":"wp","href":"https:\/\/api.w.org\/{rel}","templated":true}]}}