{"id":18,"date":"2019-04-25T13:05:14","date_gmt":"2019-04-25T10:05:14","guid":{"rendered":"http:\/\/localhost\/yootheme_pro\/2019\/Makai\/Website_WP\/index.php\/getting-started\/"},"modified":"2023-08-10T14:07:06","modified_gmt":"2023-08-10T11:07:06","slug":"home","status":"publish","type":"page","link":"https:\/\/ksc.ro\/en\/","title":{"rendered":"Home"},"content":{"rendered":"<h1>The partner you can rely on<\/h1>\n<p>\n    <a href=\"#desprenoi\">About us<\/a>\n<\/p>\n<div>About us<\/div>\n<h2>OUR COMPANY HAS GROWN CONTINUOUSLY, SINCE 1994<\/h2>\n<div>KSC is represented by its professional members and their skills that they develop with time. \u201cWe have signed many long-term contracts so far with the carriers that fulfill our company\u2019s requirements. In turn, they know they can count on a constant volume of orders and on quality services and support.\u201d Moreover, our carriers represent for us more than just business partners, because we consider them as our colleagues.<\/p>\n<\/div>\n<ul>\n<li>\n<p>        <img decoding=\"async\" src=\"\/wp-content\/uploads\/despre-noi-ksc-04.jpg\" alt=\"\"><\/p>\n<\/li>\n<li>\n<p>        <img decoding=\"async\" src=\"\/wp-content\/uploads\/despre-noi-ksc-01.jpg\" alt=\"\"><\/p>\n<\/li>\n<li>\n<p>        <img decoding=\"async\" src=\"\/wp-content\/uploads\/despre-noi-ksc-02.jpg\" alt=\"\"><\/p>\n<\/li>\n<li>\n<p>        <img decoding=\"async\" src=\"\/wp-content\/uploads\/despre-noi-ksc-03.jpg\" alt=\"\"><\/p>\n<\/li>\n<\/ul>\n<p><img decoding=\"async\" src=\"\/wp-content\/uploads\/Sebastian-Kiss.jpg\" alt=\"\"><\/p>\n<h3><i>\"Our mission is that every minute, every hour, every day our customers are satisfied with the services we offer. This principle applies to every race we do, to every kilometer we travel\u2026\u201d<\/i><br \/>\n<\/h3>\n<div>Sebastian Kiss<\/div>\n<div>Managing Director &#8211; KSC Transport<\/div>\n<ul>\n<li>\n        <a href=\"#Certificari\">Certifications<\/a>\n    <\/li>\n<li>\n        <a href=\"\/index.php?page_id=21#desprenoi\">KSC Team<\/a>\n    <\/li>\n<\/ul>\n<div>Calitatea serviciilor noastre \u015fi respectarea<br \/>\ncodurilor de bun\u0103 practic\u0103<\/div>\n<h2>it was also certified by international bodies, certifications that are very important to us. Thus, we have ISO-45001:2018, ISO-9001-2015, ISO-14001-2015 certification as well as DUNS number 681952495.<br \/>\n<\/h2>\n<ul>\n<li>\n<p>        <img decoding=\"async\" src=\"\/wp-content\/uploads\/Excellent-SME-Certificate-the-first-Romanian.png\" alt=\"\"><\/p>\n<h3>CERTIFICATE OF EXCELLENCE 2018<\/h3>\n<p><a href=\"#\"><\/a><\/p>\n<\/li>\n<li>\n<p>        <img decoding=\"async\" src=\"\/wp-content\/uploads\/duns.png\" alt=\"\"><\/p>\n<h3>DUNS NUMBER: 681952495<\/h3>\n<p><a href=\"#\"><\/a><\/p>\n<\/li>\n<\/ul>\n<div>\n<p>    <img decoding=\"async\" src=\"\/wp-content\/uploads\/Screen-Shot-2014-03-07-at-14.34.31.png\" alt=\"\"><\/p>\n<h3>WE HOLD ISO-45001:2018, ISO-9001-2015, ISO-14001-2015 CERTIFICATION<\/h3>\n<p><a href=\"#\"><\/a><\/p>\n<\/div>\n<ul>\n<li>\n<p>        <img decoding=\"async\" src=\"\/wp-content\/uploads\/02-1.jpg\" alt=\"ISO-45001:2018\"><\/p>\n<h3>ISO-45001:2018<\/h3>\n<\/li>\n<li>\n<p>        <img decoding=\"async\" src=\"\/wp-content\/uploads\/01-1.jpg\" alt=\"ISO-9001-2015\"><\/p>\n<h3>ISO-9001-2015<\/h3>\n<\/li>\n<li>\n<p>        <img decoding=\"async\" src=\"\/wp-content\/uploads\/03-1.jpg\" alt=\"ISO-14001-2015\"><\/p>\n<h3>ISO-14001-2015<\/h3>\n<\/li>\n<\/ul>\n<p><!--more--><br \/>\n<!-- {\"type\":\"layout\",\"children\":[{\"type\":\"section\",\"props\":{\"header_transparent\":\"light\",\"header_transparent_noplaceholder\":false,\"height\":\"full\",\"image\":\"wp-content\\\/uploads\\\/bigstock-Sunset-View-Heavy-Traffic-Movi-245944459.jpg\",\"image_effect\":\"parallax\",\"image_parallax_bgy\":\"-5vh,4vh\",\"image_parallax_easing\":\"1\",\"image_position\":\"top-center\",\"image_size\":\"cover\",\"image_width\":\"2560\",\"overlap\":false,\"padding\":\"large\",\"padding_remove_bottom\":false,\"padding_remove_top\":true,\"style\":\"default\",\"text_color\":\"light\",\"title\":\"Large enough to handle Small enough to care!\",\"title_breakpoint\":\"xl\",\"title_position\":\"bottom-right\",\"title_rotation\":\"left\",\"vertical_align\":\"middle\",\"width\":\"xsmall\"},\"children\":[{\"type\":\"row\",\"children\":[{\"type\":\"column\",\"props\":{\"image_position\":\"center-center\",\"position_sticky_breakpoint\":\"m\",\"width_medium\":\"1-1\"},\"children\":[{\"type\":\"headline\",\"props\":{\"content\":\"Partenerul pe care te po\\u021bi baza\",\"margin_remove_top\":true,\"text_align\":\"center\",\"title_element\":\"h1\",\"title_style\":\"heading-large\"}},{\"type\":\"divider\",\"props\":{\"divider_element\":\"div\",\"divider_style\":\"vertical\"}},{\"type\":\"button\",\"props\":{\"grid_column_gap\":\"small\",\"grid_row_gap\":\"small\",\"margin\":\"default\",\"text_align\":\"center\"},\"children\":[{\"type\":\"button_item\",\"props\":{\"button_style\":\"default\",\"content\":\"Despre noi\",\"icon\":\"users\",\"icon_align\":\"left\",\"link\":\"#desprenoi\"}}]}]}]}],\"name\":\"Hero\"},{\"type\":\"section\",\"props\":{\"id\":\"desprenoi\",\"image\":\"wp-content\\\/uploads\\\/circle-bg-02.svg\",\"image_effect\":\"parallax\",\"image_parallax_bgy\":\"-20vh,-80vh\",\"image_parallax_breakpoint\":\"s\",\"image_parallax_easing\":\"1\",\"image_position\":\"top-right\",\"media_visibility\":\"s\",\"padding\":\"large\",\"padding_remove_bottom\":false,\"padding_remove_top\":false,\"style\":\"default\",\"title\":\"Companie orientat\\u0103 spre client.\",\"title_breakpoint\":\"xl\",\"title_position\":\"center-left\",\"title_rotation\":\"left\",\"vertical_align\":\"middle\",\"width\":\"large\",\"width_expand\":\"right\"},\"children\":[{\"type\":\"row\",\"props\":{\"margin_remove_top\":false},\"children\":[{\"type\":\"column\",\"props\":{\"image_position\":\"center-center\",\"position_sticky_breakpoint\":\"m\",\"width_medium\":\"1-1\"},\"children\":[{\"type\":\"headline\",\"props\":{\"content\":\"Despre noi\",\"css\":\".el-element { \\n    text-transform: none;\\n    font-size: 30px;\\n}\",\"margin\":\"small\",\"margin_remove_bottom\":false,\"title_element\":\"div\",\"title_font_family\":\"tertiary\",\"title_style\":\"h3\"}},{\"type\":\"headline\",\"props\":{\"content\":\"AM CRESCUT CONTINUU, \\u00ceNCEP\\u00c2ND CU ANUL 1994.\",\"margin\":\"small\",\"margin_remove_bottom\":false,\"margin_remove_top\":false,\"maxwidth\":\"2xlarge\",\"title_element\":\"h2\",\"title_style\":\"heading-small\"}},{\"type\":\"text\",\"props\":{\"column_breakpoint\":\"m\",\"content\":\"\\u00cen momentul de fa\\u021b\\u0103 avem o baz\\u0103 extins\\u0103 de parteneri de \\u00eencredere a c\\u0103ror colaborare, scade costul, adaug\\u0103 valoare \\u0219i func\\u021bioneaz\\u0103 ca o extensie a serviciilor noastre. Furniz\\u0103m siguran\\u021b\\u0103 \\u0219i \\u00eencredere \\u00een transport unui areal extins de clien\\u021bi din Europa continental\\u0103, Marea Britanie \\u0219i Irlanda. Avem o abordare integrat\\u0103 \\u0219i oferim clien\\u021bilor no\\u0219tri solu\\u021bii de top, adaptate nevoilor \\u0219i cerin\\u021belor acestora. Capacitatea noastr\\u0103 de a oferi servicii integrate \\u2013 al\\u0103turi de parteneri de \\u00eencredere \\u2013 constituie un avantaj competitiv. Consider\\u0103m c\\u0103 aceast\\u0103  strategie de operare adaug\\u0103 valoare clien\\u021bilor \\u0219i ne ajut\\u0103 s\\u0103 cre\\u0219tem \\u00een continuare.\\n\\n\",\"margin\":\"default\"}}]}]},{\"type\":\"row\",\"props\":{\"column_gap\":\"small\",\"margin\":\"large\",\"row_gap\":\"small\"},\"children\":[{\"type\":\"column\",\"props\":{\"image_position\":\"center-center\",\"position_sticky_breakpoint\":\"m\",\"width_medium\":\"1-1\"},\"children\":[{\"type\":\"gallery\",\"props\":{\"css\":\".el-element .el-item > * > :nth-child(2) { z-index: 1; }\",\"filter_align\":\"left\",\"filter_all\":true,\"filter_grid_breakpoint\":\"m\",\"filter_grid_width\":\"auto\",\"filter_position\":\"top\",\"filter_style\":\"tab\",\"grid_column_gap\":\"small\",\"grid_default\":\"2\",\"grid_medium\":\"4\",\"grid_row_gap\":\"small\",\"image_width\":\"610\",\"item_animation\":true,\"link_style\":\"default\",\"link_text\":\"\",\"margin\":\"default\",\"meta_align\":\"below-title\",\"meta_element\":\"div\",\"meta_style\":\"text-meta\",\"overlay_hover\":false,\"overlay_link\":true,\"overlay_mode\":\"cover\",\"overlay_position\":\"center\",\"overlay_style\":\"\",\"overlay_transition\":\"fade\",\"parallax_easing\":\"1\",\"show_content\":true,\"show_hover_image\":true,\"show_link\":true,\"show_meta\":true,\"show_title\":true,\"text_align\":\"center\",\"text_color\":\"light\",\"title_element\":\"h3\",\"title_hover_style\":\"reset\"},\"children\":[{\"type\":\"gallery_item\",\"props\":{\"hover_image\":\"\",\"image\":\"wp-content\\\/uploads\\\/despre-noi-ksc-04.jpg\",\"title\":\"\"}},{\"type\":\"gallery_item\",\"props\":{\"hover_image\":\"\",\"image\":\"wp-content\\\/uploads\\\/despre-noi-ksc-01.jpg\",\"title\":\"\"}},{\"type\":\"gallery_item\",\"props\":{\"hover_image\":\"\",\"image\":\"wp-content\\\/uploads\\\/despre-noi-ksc-02.jpg\",\"title\":\"\"}},{\"type\":\"gallery_item\",\"props\":{\"hover_image\":\"\",\"image\":\"wp-content\\\/uploads\\\/despre-noi-ksc-03.jpg\",\"title\":\"\"}}]}]}]}],\"name\":\"Services\"},{\"type\":\"section\",\"props\":{\"image_position\":\"center-left\",\"image_width\":\"750\",\"media_visibility\":\"s\",\"padding\":\"large\",\"style\":\"default\",\"title_breakpoint\":\"xl\",\"title_position\":\"top-left\",\"title_rotation\":\"left\",\"vertical_align\":\"middle\",\"width\":\"\"},\"children\":[{\"type\":\"row\",\"props\":{\"column_gap\":\"large\",\"layout\":\"1-2,1-2\",\"row_gap\":\"large\"},\"children\":[{\"type\":\"column\",\"props\":{\"image\":\"wp-content\\\/uploads\\\/poza17.jpg\",\"image_position\":\"center-left\",\"image_size\":\"contain\",\"image_width\":\"850\",\"position_sticky_breakpoint\":\"m\",\"vertical_align\":\"middle\",\"width_medium\":\"1-2\"},\"children\":[{\"type\":\"image\",\"props\":{\"animation\":\"parallax\",\"container_padding_remove\":false,\"image\":\"wp-content\\\/uploads\\\/Sebastian-Kiss.jpg\",\"image_box_decoration\":\"default\",\"image_box_decoration_inverse\":true,\"image_svg_color\":\"emphasis\",\"image_width\":\"720\",\"margin\":\"default\",\"parallax_breakpoint\":\"m\",\"parallax_easing\":\"1\",\"parallax_y\":\"5vh,-5vh\",\"text_align\":\"right\"}}]},{\"type\":\"column\",\"props\":{\"image_position\":\"center-center\",\"position_sticky_breakpoint\":\"m\",\"style\":\"tile-default\",\"vertical_align\":\"middle\",\"width_medium\":\"1-2\"},\"children\":[{\"type\":\"headline\",\"props\":{\"content\":\"<i>\\\"Misiunea noastr\\u0103 e ca \\u00een fiecare minut, \\u00een fiecare or\\u0103, \\u00een fiecare zi clien\\u0163ii no\\u015ftri s\\u0103 fie mul\\u0163umi\\u0163i de serviciile pe care le oferim. Acest principiu se aplic\\u0103 pentru fiecare curs\\u0103 pe care o facem, pentru fiecare kilometru parcurs...\\\"<\\\/i>\\n\",\"title_element\":\"h3\"}},{\"type\":\"headline\",\"props\":{\"block_align_breakpoint\":\"m\",\"block_align_fallback\":\"center\",\"content\":\"Sebastian Kiss\",\"margin_remove_bottom\":true,\"margin_remove_top\":true,\"maxwidth\":\"xlarge\",\"text_align\":\"left\",\"text_align_breakpoint\":\"m\",\"text_align_fallback\":\"center\",\"title_element\":\"div\",\"title_font_family\":\"tertiary\",\"title_style\":\"h3\"}},{\"type\":\"text\",\"props\":{\"column_breakpoint\":\"m\",\"content\":\"Managing Director - KSC Transport\",\"margin\":\"default\",\"margin_remove_top\":true,\"text_style\":\"small\"}},{\"type\":\"button\",\"props\":{\"block_align_breakpoint\":\"m\",\"block_align_fallback\":\"center\",\"grid_column_gap\":\"small\",\"grid_row_gap\":\"small\",\"margin\":\"default\",\"maxwidth\":\"xlarge\",\"text_align\":\"left\",\"text_align_breakpoint\":\"m\",\"text_align_fallback\":\"center\"},\"children\":[{\"type\":\"button_item\",\"props\":{\"button_style\":\"primary\",\"content\":\"Certificari\",\"icon_align\":\"left\",\"link\":\"#Certificari\"}},{\"type\":\"button_item\",\"props\":{\"button_style\":\"primary\",\"content\":\"Echipa KSC\",\"icon_align\":\"left\",\"link\":\"index.php?page_id=21#desprenoi\"}}]}]}]}],\"name\":\"Sebastian Kiss\"},{\"type\":\"section\",\"props\":{\"id\":\"Certificari\",\"image\":\"wp-content\\\/uploads\\\/circle-bg-01.svg\",\"image_effect\":\"parallax\",\"image_parallax_bgy\":\"7vh,-15vh\",\"image_parallax_breakpoint\":\"m\",\"image_parallax_easing\":\"1\",\"image_position\":\"top-center\",\"media_visibility\":\"m\",\"padding\":\"large\",\"padding_remove_bottom\":false,\"padding_remove_top\":false,\"style\":\"default\",\"title_breakpoint\":\"xl\",\"title_position\":\"top-left\",\"title_rotation\":\"left\",\"vertical_align\":\"middle\",\"width\":\"small\"},\"children\":[{\"type\":\"row\",\"children\":[{\"type\":\"column\",\"props\":{\"image_position\":\"center-center\",\"position_sticky_breakpoint\":\"m\",\"width_medium\":\"1-1\"},\"children\":[{\"type\":\"headline\",\"props\":{\"content\":\"Calitatea serviciilor noastre \\u015fi respectarea\\ncodurilor de bun\\u0103 practic\\u0103\",\"margin\":\"small\",\"text_align\":\"center\",\"title_element\":\"div\",\"title_font_family\":\"primary\",\"title_style\":\"h3\"}},{\"type\":\"headline\",\"props\":{\"block_align\":\"center\",\"content\":\"a fost certificat\\u0103 \\u015fi de organisme interna\\u021bionale, certific\\u0103ri care pentru noi sunt foarte importante. Astfel, de\\u0163inem certificare ISO-45001:2018, ISO-9001-2015, ISO-14001-2015 precum \\u015fi DUNS number 681952495.\\n\",\"margin\":\"large\",\"margin_remove_bottom\":false,\"margin_remove_top\":true,\"maxwidth\":\"2xlarge\",\"text_align\":\"center\",\"title_element\":\"h2\",\"title_font_family\":\"default\",\"title_style\":\"h6\"}},{\"type\":\"grid\",\"props\":{\"content_column_breakpoint\":\"m\",\"filter_align\":\"left\",\"filter_all\":true,\"filter_grid_breakpoint\":\"m\",\"filter_grid_width\":\"auto\",\"filter_position\":\"top\",\"filter_style\":\"tab\",\"grid_column_gap\":\"medium\",\"grid_default\":\"1\",\"grid_divider\":false,\"grid_medium\":\"\",\"grid_row_gap\":\"medium\",\"grid_small\":\"2\",\"icon_width\":80,\"image_align\":\"top\",\"image_grid_breakpoint\":\"m\",\"image_grid_width\":\"1-4\",\"image_link\":true,\"image_svg_animate\":false,\"image_svg_color\":\"emphasis\",\"image_svg_inline\":true,\"image_vertical_align\":true,\"item_animation\":true,\"link_style\":\"default\",\"link_text\":\"\",\"margin\":\"default\",\"meta_align\":\"below-title\",\"meta_element\":\"div\",\"meta_style\":\"text-meta\",\"parallax_easing\":\"1\",\"show_content\":true,\"show_image\":true,\"show_link\":true,\"show_meta\":true,\"show_title\":true,\"text_align\":\"left\",\"title_align\":\"top\",\"title_element\":\"h3\",\"title_grid_breakpoint\":\"m\",\"title_grid_width\":\"1-2\",\"title_hover_style\":\"reset\",\"title_link\":true,\"title_margin\":\"small\",\"title_style\":\"h6\"},\"children\":[{\"type\":\"grid_item\",\"props\":{\"image\":\"wp-content\\\/uploads\\\/Excellent-SME-Certificate-the-first-Romanian.png\",\"link\":\"#\",\"title\":\"CERTIFICATE OF EXCELLENCE 2018\"}},{\"type\":\"grid_item\",\"props\":{\"image\":\"wp-content\\\/uploads\\\/duns.png\",\"link\":\"#\",\"title\":\"DUNS NUMBER: 681952495\"}}]},{\"type\":\"grid\",\"props\":{\"content_column_breakpoint\":\"m\",\"filter_align\":\"left\",\"filter_all\":true,\"filter_grid_breakpoint\":\"m\",\"filter_grid_width\":\"auto\",\"filter_position\":\"top\",\"filter_style\":\"tab\",\"grid_column_gap\":\"medium\",\"grid_default\":\"1\",\"grid_divider\":false,\"grid_medium\":\"\",\"grid_row_gap\":\"medium\",\"grid_small\":\"2\",\"icon_width\":80,\"image_align\":\"left\",\"image_grid_breakpoint\":\"m\",\"image_grid_width\":\"1-2\",\"image_link\":true,\"image_svg_animate\":false,\"image_svg_color\":\"emphasis\",\"image_svg_inline\":true,\"image_vertical_align\":true,\"image_width\":\"280\",\"item_animation\":true,\"link_style\":\"default\",\"link_text\":\"\",\"margin\":\"default\",\"meta_align\":\"below-title\",\"meta_element\":\"div\",\"meta_style\":\"text-meta\",\"panel_padding\":\"small\",\"parallax_easing\":\"1\",\"show_content\":true,\"show_image\":true,\"show_link\":true,\"show_meta\":true,\"show_title\":true,\"text_align\":\"center\",\"title_align\":\"top\",\"title_element\":\"h3\",\"title_grid_breakpoint\":\"m\",\"title_grid_width\":\"1-2\",\"title_hover_style\":\"reset\",\"title_link\":true,\"title_margin\":\"small\",\"title_style\":\"h6\"},\"children\":[{\"type\":\"grid_item\",\"props\":{\"image\":\"wp-content\\\/uploads\\\/Screen-Shot-2014-03-07-at-14.34.31.png\",\"link\":\"#\",\"title\":\"DE\\u0162INEM CERTIFICARE ISO-45001:2018, ISO-9001-2015, ISO-14001-2015\"}}]},{\"type\":\"grid\",\"props\":{\"content_column_breakpoint\":\"m\",\"content_display\":\"lightbox\",\"filter_align\":\"left\",\"filter_all\":true,\"filter_grid_breakpoint\":\"m\",\"filter_grid_width\":\"auto\",\"filter_position\":\"top\",\"filter_style\":\"tab\",\"grid_column_gap\":\"small\",\"grid_default\":\"1\",\"grid_divider\":false,\"grid_medium\":\"\",\"grid_row_gap\":\"medium\",\"grid_small\":\"3\",\"icon_width\":80,\"image_align\":\"top\",\"image_grid_breakpoint\":\"m\",\"image_grid_width\":\"1-4\",\"image_link\":true,\"image_svg_animate\":false,\"image_svg_color\":\"emphasis\",\"image_svg_inline\":true,\"image_vertical_align\":true,\"item_animation\":true,\"lightbox\":true,\"link_style\":\"default\",\"link_text\":\"\",\"margin\":\"default\",\"meta_align\":\"below-title\",\"meta_element\":\"div\",\"meta_style\":\"text-meta\",\"panel_image_no_padding\":false,\"panel_padding\":\"small\",\"panel_style\":\"card-default\",\"parallax_easing\":\"1\",\"show_content\":true,\"show_image\":true,\"show_link\":true,\"show_meta\":true,\"show_title\":true,\"text_align\":\"left\",\"title_align\":\"top\",\"title_element\":\"h3\",\"title_grid_breakpoint\":\"m\",\"title_grid_width\":\"1-2\",\"title_hover_style\":\"reset\",\"title_link\":true,\"title_margin\":\"small\",\"title_style\":\"h6\"},\"children\":[{\"type\":\"grid_item\",\"props\":{\"image\":\"wp-content\\\/uploads\\\/02-1.jpg\",\"image_alt\":\"ISO-45001:2018\",\"title\":\"ISO-45001:2018\"}},{\"type\":\"grid_item\",\"props\":{\"image\":\"wp-content\\\/uploads\\\/01-1.jpg\",\"image_alt\":\"ISO-9001-2015\",\"title\":\"ISO-9001-2015\"}},{\"type\":\"grid_item\",\"props\":{\"image\":\"wp-content\\\/uploads\\\/03-1.jpg\",\"image_alt\":\"ISO-14001-2015\",\"title\":\"ISO-14001-2015\"}}]}]}]}],\"name\":\"Certificari\"}],\"version\":\"4.0.9\"} --><\/p>","protected":false},"excerpt":{"rendered":"<p>Partenerul pe care te po\u021bi baza Despre noi Despre noi AM CRESCUT CONTINUU, \u00ceNCEP\u00c2ND CU ANUL 1994. \u00cen momentul de fa\u021b\u0103 avem o baz\u0103 extins\u0103 de parteneri de \u00eencredere a c\u0103ror colaborare, scade costul, adaug\u0103 valoare \u0219i func\u021bioneaz\u0103 ca o extensie a serviciilor noastre. Furniz\u0103m siguran\u021b\u0103 \u0219i \u00eencredere \u00een transport unui areal extins de clien\u021bi [&hellip;]<\/p>","protected":false},"author":1,"featured_media":0,"parent":0,"menu_order":1,"comment_status":"closed","ping_status":"closed","template":"","meta":{"footnotes":""},"class_list":["post-18","page","type-page","status-publish","hentry"],"yoast_head":"<!-- This site is optimized with the Yoast SEO plugin v26.1.1 - https:\/\/yoast.com\/wordpress\/plugins\/seo\/ -->\n<title>Home - KSC<\/title>\n<meta name=\"robots\" content=\"index, follow, max-snippet:-1, max-image-preview:large, max-video-preview:-1\" \/>\n<link rel=\"canonical\" href=\"https:\/\/ksc.ro\/en\/\" \/>\n<meta property=\"og:locale\" content=\"en_GB\" \/>\n<meta property=\"og:type\" content=\"article\" \/>\n<meta property=\"og:title\" content=\"Home - KSC\" \/>\n<meta property=\"og:description\" content=\"Partenerul pe care te po\u021bi baza Despre noi Despre noi AM CRESCUT CONTINUU, \u00ceNCEP\u00c2ND CU ANUL 1994. \u00cen momentul de fa\u021b\u0103 avem o baz\u0103 extins\u0103 de parteneri de \u00eencredere a c\u0103ror colaborare, scade costul, adaug\u0103 valoare \u0219i func\u021bioneaz\u0103 ca o extensie a serviciilor noastre. Furniz\u0103m siguran\u021b\u0103 \u0219i \u00eencredere \u00een transport unui areal extins de clien\u021bi [&hellip;]\" \/>\n<meta property=\"og:url\" content=\"https:\/\/ksc.ro\/en\/\" \/>\n<meta property=\"og:site_name\" content=\"KSC\" \/>\n<meta property=\"article:publisher\" content=\"https:\/\/www.facebook.com\/KscTransport\/\" \/>\n<meta property=\"article:modified_time\" content=\"2023-08-10T11:07:06+00:00\" \/>\n<meta name=\"twitter:card\" content=\"summary_large_image\" \/>\n<meta name=\"twitter:label1\" content=\"Estimated reading time\" \/>\n\t<meta name=\"twitter:data1\" content=\"1 minute\" \/>\n<script type=\"application\/ld+json\" class=\"yoast-schema-graph\">{\"@context\":\"https:\/\/schema.org\",\"@graph\":[{\"@type\":\"WebPage\",\"@id\":\"https:\/\/ksc.ro\/\",\"url\":\"https:\/\/ksc.ro\/\",\"name\":\"Home - KSC\",\"isPartOf\":{\"@id\":\"https:\/\/ksc.ro\/#website\"},\"datePublished\":\"2019-04-25T10:05:14+00:00\",\"dateModified\":\"2023-08-10T11:07:06+00:00\",\"breadcrumb\":{\"@id\":\"https:\/\/ksc.ro\/#breadcrumb\"},\"inLanguage\":\"en-GB\",\"potentialAction\":[{\"@type\":\"ReadAction\",\"target\":[\"https:\/\/ksc.ro\/\"]}]},{\"@type\":\"BreadcrumbList\",\"@id\":\"https:\/\/ksc.ro\/#breadcrumb\",\"itemListElement\":[{\"@type\":\"ListItem\",\"position\":1,\"name\":\"Home\",\"item\":\"https:\/\/ksc.ro\/\"},{\"@type\":\"ListItem\",\"position\":2,\"name\":\"Home\"}]},{\"@type\":\"WebSite\",\"@id\":\"https:\/\/ksc.ro\/#website\",\"url\":\"https:\/\/ksc.ro\/\",\"name\":\"KSC Transport\",\"description\":\"in europe with KSC\",\"publisher\":{\"@id\":\"https:\/\/ksc.ro\/#organization\"},\"potentialAction\":[{\"@type\":\"SearchAction\",\"target\":{\"@type\":\"EntryPoint\",\"urlTemplate\":\"https:\/\/ksc.ro\/?s={search_term_string}\"},\"query-input\":{\"@type\":\"PropertyValueSpecification\",\"valueRequired\":true,\"valueName\":\"search_term_string\"}}],\"inLanguage\":\"en-GB\"},{\"@type\":\"Organization\",\"@id\":\"https:\/\/ksc.ro\/#organization\",\"name\":\"KSC Transport\",\"url\":\"https:\/\/ksc.ro\/\",\"logo\":{\"@type\":\"ImageObject\",\"inLanguage\":\"en-GB\",\"@id\":\"https:\/\/ksc.ro\/#\/schema\/logo\/image\/\",\"url\":\"https:\/\/ksc.ro\/wp-content\/uploads\/logo-ksc.svg\",\"contentUrl\":\"https:\/\/ksc.ro\/wp-content\/uploads\/logo-ksc.svg\",\"width\":425,\"height\":67,\"caption\":\"KSC Transport\"},\"image\":{\"@id\":\"https:\/\/ksc.ro\/#\/schema\/logo\/image\/\"},\"sameAs\":[\"https:\/\/www.facebook.com\/KscTransport\/\",\"https:\/\/www.linkedin.com\/company\/ksc-transport\/about\/\"]}]}<\/script>\n<!-- \/ Yoast SEO plugin. -->","yoast_head_json":{"title":"Home - KSC","robots":{"index":"index","follow":"follow","max-snippet":"max-snippet:-1","max-image-preview":"max-image-preview:large","max-video-preview":"max-video-preview:-1"},"canonical":"https:\/\/ksc.ro\/en\/","og_locale":"en_GB","og_type":"article","og_title":"Home - KSC","og_description":"Partenerul pe care te po\u021bi baza Despre noi Despre noi AM CRESCUT CONTINUU, \u00ceNCEP\u00c2ND CU ANUL 1994. \u00cen momentul de fa\u021b\u0103 avem o baz\u0103 extins\u0103 de parteneri de \u00eencredere a c\u0103ror colaborare, scade costul, adaug\u0103 valoare \u0219i func\u021bioneaz\u0103 ca o extensie a serviciilor noastre. Furniz\u0103m siguran\u021b\u0103 \u0219i \u00eencredere \u00een transport unui areal extins de clien\u021bi [&hellip;]","og_url":"https:\/\/ksc.ro\/en\/","og_site_name":"KSC","article_publisher":"https:\/\/www.facebook.com\/KscTransport\/","article_modified_time":"2023-08-10T11:07:06+00:00","twitter_card":"summary_large_image","twitter_misc":{"Estimated reading time":"1 minute"},"schema":{"@context":"https:\/\/schema.org","@graph":[{"@type":"WebPage","@id":"https:\/\/ksc.ro\/","url":"https:\/\/ksc.ro\/","name":"Home - KSC","isPartOf":{"@id":"https:\/\/ksc.ro\/#website"},"datePublished":"2019-04-25T10:05:14+00:00","dateModified":"2023-08-10T11:07:06+00:00","breadcrumb":{"@id":"https:\/\/ksc.ro\/#breadcrumb"},"inLanguage":"en-GB","potentialAction":[{"@type":"ReadAction","target":["https:\/\/ksc.ro\/"]}]},{"@type":"BreadcrumbList","@id":"https:\/\/ksc.ro\/#breadcrumb","itemListElement":[{"@type":"ListItem","position":1,"name":"Home","item":"https:\/\/ksc.ro\/"},{"@type":"ListItem","position":2,"name":"Home"}]},{"@type":"WebSite","@id":"https:\/\/ksc.ro\/#website","url":"https:\/\/ksc.ro\/","name":"KSC Transport","description":"in europe with KSC","publisher":{"@id":"https:\/\/ksc.ro\/#organization"},"potentialAction":[{"@type":"SearchAction","target":{"@type":"EntryPoint","urlTemplate":"https:\/\/ksc.ro\/?s={search_term_string}"},"query-input":{"@type":"PropertyValueSpecification","valueRequired":true,"valueName":"search_term_string"}}],"inLanguage":"en-GB"},{"@type":"Organization","@id":"https:\/\/ksc.ro\/#organization","name":"KSC Transport","url":"https:\/\/ksc.ro\/","logo":{"@type":"ImageObject","inLanguage":"en-GB","@id":"https:\/\/ksc.ro\/#\/schema\/logo\/image\/","url":"https:\/\/ksc.ro\/wp-content\/uploads\/logo-ksc.svg","contentUrl":"https:\/\/ksc.ro\/wp-content\/uploads\/logo-ksc.svg","width":425,"height":67,"caption":"KSC Transport"},"image":{"@id":"https:\/\/ksc.ro\/#\/schema\/logo\/image\/"},"sameAs":["https:\/\/www.facebook.com\/KscTransport\/","https:\/\/www.linkedin.com\/company\/ksc-transport\/about\/"]}]}},"jetpack_sharing_enabled":true,"_links":{"self":[{"href":"https:\/\/ksc.ro\/en\/wp-json\/wp\/v2\/pages\/18","targetHints":{"allow":["GET"]}}],"collection":[{"href":"https:\/\/ksc.ro\/en\/wp-json\/wp\/v2\/pages"}],"about":[{"href":"https:\/\/ksc.ro\/en\/wp-json\/wp\/v2\/types\/page"}],"author":[{"embeddable":true,"href":"https:\/\/ksc.ro\/en\/wp-json\/wp\/v2\/users\/1"}],"replies":[{"embeddable":true,"href":"https:\/\/ksc.ro\/en\/wp-json\/wp\/v2\/comments?post=18"}],"version-history":[{"count":18,"href":"https:\/\/ksc.ro\/en\/wp-json\/wp\/v2\/pages\/18\/revisions"}],"predecessor-version":[{"id":1027,"href":"https:\/\/ksc.ro\/en\/wp-json\/wp\/v2\/pages\/18\/revisions\/1027"}],"wp:attachment":[{"href":"https:\/\/ksc.ro\/en\/wp-json\/wp\/v2\/media?parent=18"}],"curies":[{"name":"wp","href":"https:\/\/api.w.org\/{rel}","templated":true}]}}